{"id":118,"date":"2024-04-23T12:45:27","date_gmt":"2024-04-23T10:45:27","guid":{"rendered":"https:\/\/science-es-ciencia.com\/noticias-2\/"},"modified":"2024-10-01T15:10:02","modified_gmt":"2024-10-01T13:10:02","slug":"servicios-2","status":"publish","type":"page","link":"https:\/\/science-es-ciencia.com\/fr\/servicios-2\/","title":{"rendered":"Services"},"content":{"rendered":"<div class=\"wp-block-uagb-container uagb-block-4d73635f alignfull uagb-is-root-container\"><div class=\"uagb-container-inner-blocks-wrap\">\n<div class=\"wp-block-uagb-advanced-heading uagb-block-0396fa53\"><h2 class=\"uagb-heading-text\">El libro acad\u00e9mico y de divulgaci\u00f3n cient\u00edfica<\/h2><\/div>\n<\/div><\/div>\n\n\n\n<div class=\"wp-block-uagb-container uagb-block-ecf65969 alignfull uagb-is-root-container\"><div class=\"uagb-container-inner-blocks-wrap\">\n<div class=\"wp-block-uagb-container uagb-block-522363ce alignfull uagb-is-root-container\"><div class=\"uagb-container-inner-blocks-wrap\">\n<div class=\"wp-block-uagb-image aligncenter uagb-block-1d4df351 wp-block-uagb-image--layout-default wp-block-uagb-image--effect-static wp-block-uagb-image--align-center\"><figure class=\"wp-block-uagb-image__figure\"><img decoding=\"async\" srcset=\"https:\/\/science-es-ciencia.com\/wp-content\/uploads\/2024\/10\/Informes_de_lectura.webp ,https:\/\/science-es-ciencia.com\/wp-content\/uploads\/2024\/10\/Informes_de_lectura.webp 780w, https:\/\/science-es-ciencia.com\/wp-content\/uploads\/2024\/10\/Informes_de_lectura.webp 360w\" sizes=\"(max-width: 480px) 150px\" src=\"https:\/\/science-es-ciencia.com\/wp-content\/uploads\/2024\/10\/Informes_de_lectura.webp\" alt=\"Informes de lectura\" class=\"uag-image-752\" width=\"500\" height=\"500\" title=\"Informes_de_lectura\" loading=\"lazy\" role=\"img\"\/><\/figure><\/div>\n\n\n\n<div class=\"wp-block-uagb-advanced-heading uagb-block-322a3a86\"><h3 class=\"uagb-heading-text\"><a href=\"https:\/\/science-es-ciencia.com\/fr\/informesdelectura\/\" data-type=\"page\" data-id=\"801\">Elaboraci\u00f3n de informes de lectura <\/a><\/h3><\/div>\n<\/div><\/div>\n\n\n\n<div class=\"wp-block-uagb-container uagb-block-87f992b7 alignfull uagb-is-root-container\"><div class=\"uagb-container-inner-blocks-wrap\">\n<div class=\"wp-block-uagb-image aligncenter uagb-block-bb0ac319 wp-block-uagb-image--layout-default wp-block-uagb-image--effect-static wp-block-uagb-image--align-center\"><figure class=\"wp-block-uagb-image__figure\"><img decoding=\"async\" srcset=\"https:\/\/science-es-ciencia.com\/wp-content\/uploads\/2024\/10\/traduccion.webp ,https:\/\/science-es-ciencia.com\/wp-content\/uploads\/2024\/10\/traduccion.webp 780w, https:\/\/science-es-ciencia.com\/wp-content\/uploads\/2024\/10\/traduccion.webp 360w\" sizes=\"(max-width: 480px) 150px\" src=\"https:\/\/science-es-ciencia.com\/wp-content\/uploads\/2024\/10\/traduccion.webp\" alt=\"Traducci\u00f3n\" class=\"uag-image-754\" width=\"500\" height=\"500\" title=\"traduccion\" loading=\"lazy\" role=\"img\"\/><\/figure><\/div>\n\n\n\n<div class=\"wp-block-uagb-advanced-heading uagb-block-01ddab3d\"><h3 class=\"uagb-heading-text\"><a href=\"https:\/\/science-es-ciencia.com\/fr\/traduccion\/\" data-type=\"page\" data-id=\"811\">Traducci\u00f3n cient\u00edfica y t\u00e9cnica<\/a> <\/h3><\/div>\n<\/div><\/div>\n\n\n\n<div class=\"wp-block-uagb-container uagb-block-0b8e3155 alignfull uagb-is-root-container\"><div class=\"uagb-container-inner-blocks-wrap\">\n<div class=\"wp-block-uagb-image aligncenter uagb-block-e1d6de30 wp-block-uagb-image--layout-default wp-block-uagb-image--effect-static wp-block-uagb-image--align-center\"><figure class=\"wp-block-uagb-image__figure\"><img decoding=\"async\" srcset=\"https:\/\/science-es-ciencia.com\/wp-content\/uploads\/2024\/10\/revision-1.webp ,https:\/\/science-es-ciencia.com\/wp-content\/uploads\/2024\/10\/revision-1.webp 780w, https:\/\/science-es-ciencia.com\/wp-content\/uploads\/2024\/10\/revision-1.webp 360w\" sizes=\"(max-width: 480px) 150px\" src=\"https:\/\/science-es-ciencia.com\/wp-content\/uploads\/2024\/10\/revision-1.webp\" alt=\"\" class=\"uag-image-753\" width=\"500\" height=\"500\" title=\"revision-1\" loading=\"lazy\" role=\"img\"\/><\/figure><\/div>\n\n\n\n<div class=\"wp-block-uagb-advanced-heading uagb-block-7a17936b\"><h3 class=\"uagb-heading-text\"><a href=\"https:\/\/science-es-ciencia.com\/fr\/revision\/\" data-type=\"page\" data-id=\"780\">Revisi\u00f3n cient\u00edfica y t\u00e9cnica<\/a><\/h3><\/div>\n<\/div><\/div>\n<\/div><\/div>\n\n\n\n<div class=\"wp-block-uagb-container uagb-block-74b27a30 alignfull uagb-is-root-container\"><div class=\"uagb-container-inner-blocks-wrap\"><\/div><\/div>","protected":false},"excerpt":{"rendered":"<p>El libro acad\u00e9mico y de divulgaci\u00f3n cient\u00edfica Elaboraci\u00f3n de informes de lectura Traducci\u00f3n cient\u00edfica y t\u00e9cnica Revisi\u00f3n cient\u00edfica y t\u00e9cnica<\/p>","protected":false},"author":1,"featured_media":0,"parent":0,"menu_order":2,"comment_status":"closed","ping_status":"closed","template":"","meta":{"om_disable_all_campaigns":false,"_uag_custom_page_level_css":"","site-sidebar-layout":"default","site-content-layout":"","ast-site-content-layout":"default","site-content-style":"default","site-sidebar-style":"default","ast-global-header-display":"","ast-banner-title-visibility":"","ast-main-header-display":"","ast-hfb-above-header-display":"","ast-hfb-below-header-display":"","ast-hfb-mobile-header-display":"","site-post-title":"disabled","ast-breadcrumbs-content":"","ast-featured-img":"","footer-sml-layout":"","ast-disable-related-posts":"","theme-transparent-header-meta":"","adv-header-id-meta":"","stick-header-meta":"","header-above-stick-meta":"","header-main-stick-meta":"","header-below-stick-meta":"","astra-migrate-meta-layouts":"default","ast-page-background-enabled":"default","ast-page-background-meta":{"desktop":{"background-color":"var(--ast-global-color-4)","background-image":"","background-repeat":"repeat","background-position":"center center","background-size":"auto","background-attachment":"scroll","background-type":"","background-media":"","overlay-type":"","overlay-color":"","overlay-opacity":"","overlay-gradient":""},"tablet":{"background-color":"","background-image":"","background-repeat":"repeat","background-position":"center center","background-size":"auto","background-attachment":"scroll","background-type":"","background-media":"","overlay-type":"","overlay-color":"","overlay-opacity":"","overlay-gradient":""},"mobile":{"background-color":"","background-image":"","background-repeat":"repeat","background-position":"center center","background-size":"auto","background-attachment":"scroll","background-type":"","background-media":"","overlay-type":"","overlay-color":"","overlay-opacity":"","overlay-gradient":""}},"ast-content-background-meta":{"desktop":{"background-color":"var(--ast-global-color-5)","background-image":"","background-repeat":"repeat","background-position":"center center","background-size":"auto","background-attachment":"scroll","background-type":"","background-media":"","overlay-type":"","overlay-color":"","overlay-opacity":"","overlay-gradient":""},"tablet":{"background-color":"var(--ast-global-color-5)","background-image":"","background-repeat":"repeat","background-position":"center center","background-size":"auto","background-attachment":"scroll","background-type":"","background-media":"","overlay-type":"","overlay-color":"","overlay-opacity":"","overlay-gradient":""},"mobile":{"background-color":"var(--ast-global-color-5)","background-image":"","background-repeat":"repeat","background-position":"center center","background-size":"auto","background-attachment":"scroll","background-type":"","background-media":"","overlay-type":"","overlay-color":"","overlay-opacity":"","overlay-gradient":""}},"footnotes":""},"uagb_featured_image_src":{"full":false,"thumbnail":false,"medium":false,"medium_large":false,"large":false,"1536x1536":false,"2048x2048":false,"trp-custom-language-flag":false},"uagb_author_info":{"display_name":"Lidia Torres","author_link":"https:\/\/science-es-ciencia.com\/fr\/author\/science-es-ciencia-com\/"},"uagb_comment_info":0,"uagb_excerpt":"El libro acad\u00e9mico y de divulgaci\u00f3n cient\u00edfica Elaboraci\u00f3n de informes de lectura Traducci\u00f3n cient\u00edfica y t\u00e9cnica Revisi\u00f3n cient\u00edfica y t\u00e9cnica","_links":{"self":[{"href":"https:\/\/science-es-ciencia.com\/fr\/wp-json\/wp\/v2\/pages\/118"}],"collection":[{"href":"https:\/\/science-es-ciencia.com\/fr\/wp-json\/wp\/v2\/pages"}],"about":[{"href":"https:\/\/science-es-ciencia.com\/fr\/wp-json\/wp\/v2\/types\/page"}],"author":[{"embeddable":true,"href":"https:\/\/science-es-ciencia.com\/fr\/wp-json\/wp\/v2\/users\/1"}],"replies":[{"embeddable":true,"href":"https:\/\/science-es-ciencia.com\/fr\/wp-json\/wp\/v2\/comments?post=118"}],"version-history":[{"count":68,"href":"https:\/\/science-es-ciencia.com\/fr\/wp-json\/wp\/v2\/pages\/118\/revisions"}],"predecessor-version":[{"id":822,"href":"https:\/\/science-es-ciencia.com\/fr\/wp-json\/wp\/v2\/pages\/118\/revisions\/822"}],"wp:attachment":[{"href":"https:\/\/science-es-ciencia.com\/fr\/wp-json\/wp\/v2\/media?parent=118"}],"curies":[{"name":"wp","href":"https:\/\/api.w.org\/{rel}","templated":true}]}}