{"id":12,"date":"2024-04-23T12:44:43","date_gmt":"2024-04-23T10:44:43","guid":{"rendered":"https:\/\/science-es-ciencia.com\/?page_id=12"},"modified":"2024-10-08T15:58:49","modified_gmt":"2024-10-08T13:58:49","slug":"inicio","status":"publish","type":"page","link":"https:\/\/science-es-ciencia.com\/fr\/","title":{"rendered":"Accueil"},"content":{"rendered":"<div class=\"wp-block-uagb-container uagb-block-ff554598 alignfull uagb-is-root-container\"><\/div>\n\n\n\n<div class=\"wp-block-uagb-container uagb-block-78321966 default uagb-is-root-container\">\n<div class=\"wp-block-uagb-advanced-heading uagb-block-47f8f7b2\"><h1 class=\"uagb-heading-text\">Compartiendo la cultura cient\u00edfica<\/h1><\/div>\n\n\n\n<p><em><strong>Science es Ciencia<\/strong><\/em> nait avec l\u2019ambition de mettre \u00e0 la disposition du public hispanophone la riche offre de vulgarisation scientifique fran\u00e7aise. En France, les chercheurs et enseignants sont chaque fois plus nombreux \u00e0 prendre conscience de l\u2019importance de la divulgation pour que le public appr\u00e9hende correctement les changements technologiques qui se succ\u00e8dent \u00e0 un rythme effr\u00e9n\u00e9. Une soci\u00e9t\u00e9 mise \u00e0 l\u2019\u00e9cart des questions scientifiques et technologiques se d\u00e9fiera de ce qu\u2019elle ne comprend pas, et sera pr\u00eate \u00e0 embrasser des modes de pens\u00e9es obscurantistes. <\/p>\n\n\n\n<p>Este proyecto quiere contribuir al enriquecimiento de la oferta existente en libros de divulgaci\u00f3n cient\u00edfica en espa\u00f1ol. Somos m\u00e1s de 500 millones de potenciales lectores curiosos, llenos de preguntas y con ganas de entender los l\u00edmites del saber humano. Las respuestas en ciencia deben venir de aquellos que se dedican a ella y que adem\u00e1s saben explicar conceptos complejos de una manera simple, creando im\u00e1genes o analog\u00edas.<\/p>\n\n\n\n<p>Un buen libro de divulgaci\u00f3n cient\u00edfica es un valor seguro, una fuente fidedigna, frente a la gran cantidad de medios de informaci\u00f3n (o de desinformaci\u00f3n) que se nos presentan.<\/p>\n\n\n\n<div class=\"wp-block-media-text is-stacked-on-mobile\"><figure class=\"wp-block-media-text__media\"><img loading=\"lazy\" decoding=\"async\" width=\"1000\" height=\"991\" src=\"https:\/\/science-es-ciencia.com\/wp-content\/uploads\/2024\/09\/France_Science_Web-2.webp\" alt=\"\" class=\"wp-image-645 size-full\" srcset=\"https:\/\/science-es-ciencia.com\/wp-content\/uploads\/2024\/09\/France_Science_Web-2.webp 1000w, https:\/\/science-es-ciencia.com\/wp-content\/uploads\/2024\/09\/France_Science_Web-2-300x297.webp 300w, https:\/\/science-es-ciencia.com\/wp-content\/uploads\/2024\/09\/France_Science_Web-2-150x150.webp 150w, https:\/\/science-es-ciencia.com\/wp-content\/uploads\/2024\/09\/France_Science_Web-2-768x761.webp 768w, https:\/\/science-es-ciencia.com\/wp-content\/uploads\/2024\/09\/France_Science_Web-2-12x12.webp 12w\" sizes=\"(max-width: 1000px) 100vw, 1000px\" \/><\/figure><div class=\"wp-block-media-text__content\">\n<div class=\"wp-block-uagb-advanced-heading uagb-block-3e6a2606\"><h4 class=\"uagb-heading-text\">Acceder al cat\u00e1logo completo de los libros de divulgaci\u00f3n cient\u00edfica en Francia y ojear mis sugerencias.<\/h4><\/div>\n\n\n\n<div class=\"wp-block-uagb-buttons uagb-buttons__outer-wrap uagb-btn__default-btn uagb-btn-tablet__default-btn uagb-btn-mobile__default-btn uagb-block-e5b8ec11\"><div class=\"uagb-buttons__wrap uagb-buttons-layout-wrap\">\n<div class=\"wp-block-uagb-buttons-child uagb-buttons__outer-wrap uagb-block-fb075e8e wp-block-button\" id=\"https:\/\/science-es-ciencia.com\/noticias\/\"><div class=\"uagb-button__wrapper\"><a class=\"uagb-buttons-repeater wp-block-button__link\" aria-label=\"\" href=\"\/fr\/actualidad\/\" rel=\"follow noopener\" target=\"_self\" role=\"button\"><div class=\"uagb-button__link\">Ver la actualidad en Francia<\/div><\/a><\/div><\/div>\n<\/div><\/div>\n<\/div><\/div>\n\n\n\n<div class=\"wp-block-media-text has-media-on-the-right is-stacked-on-mobile\"><div class=\"wp-block-media-text__content\">\n<div class=\"wp-block-uagb-advanced-heading uagb-block-803995df\"><h4 class=\"uagb-heading-text\">Saber m\u00e1s sobre los servicios que ofrezco de lectura editorial, revisi\u00f3n y traducci\u00f3n.<\/h4><\/div>\n\n\n\n<div class=\"wp-block-uagb-buttons uagb-buttons__outer-wrap uagb-btn__default-btn uagb-btn-tablet__default-btn uagb-btn-mobile__default-btn uagb-block-bdaf8b59\"><div class=\"uagb-buttons__wrap uagb-buttons-layout-wrap\">\n<div class=\"wp-block-uagb-buttons-child uagb-buttons__outer-wrap uagb-block-c3bb4174 wp-block-button\" id=\"https:\/\/science-es-ciencia.com\/noticias\/\"><div class=\"uagb-button__wrapper\"><a class=\"uagb-buttons-repeater wp-block-button__link\" aria-label=\"\" href=\"\/fr\/servicios-2\/\" rel=\"follow noopener\" target=\"_self\" role=\"button\"><div class=\"uagb-button__link\">Ver servicios<\/div><\/a><\/div><\/div>\n<\/div><\/div>\n<\/div><figure class=\"wp-block-media-text__media\"><img loading=\"lazy\" decoding=\"async\" width=\"700\" height=\"700\" src=\"https:\/\/science-es-ciencia.com\/wp-content\/uploads\/2024\/09\/servicios_inicio.webp\" alt=\"\" class=\"wp-image-683 size-full\" srcset=\"https:\/\/science-es-ciencia.com\/wp-content\/uploads\/2024\/09\/servicios_inicio.webp 700w, https:\/\/science-es-ciencia.com\/wp-content\/uploads\/2024\/09\/servicios_inicio-300x300.webp 300w, https:\/\/science-es-ciencia.com\/wp-content\/uploads\/2024\/09\/servicios_inicio-150x150.webp 150w, https:\/\/science-es-ciencia.com\/wp-content\/uploads\/2024\/09\/servicios_inicio-12x12.webp 12w\" sizes=\"(max-width: 700px) 100vw, 700px\" \/><\/figure><\/div>\n\n\n\n<div class=\"wp-block-media-text is-stacked-on-mobile\"><figure class=\"wp-block-media-text__media\"><img loading=\"lazy\" decoding=\"async\" width=\"500\" height=\"500\" src=\"https:\/\/science-es-ciencia.com\/wp-content\/uploads\/2024\/09\/presentacion_fisica.webp\" alt=\"Frente al universo\" class=\"wp-image-677 size-full\" srcset=\"https:\/\/science-es-ciencia.com\/wp-content\/uploads\/2024\/09\/presentacion_fisica.webp 500w, https:\/\/science-es-ciencia.com\/wp-content\/uploads\/2024\/09\/presentacion_fisica-300x300.webp 300w, https:\/\/science-es-ciencia.com\/wp-content\/uploads\/2024\/09\/presentacion_fisica-150x150.webp 150w, https:\/\/science-es-ciencia.com\/wp-content\/uploads\/2024\/09\/presentacion_fisica-12x12.webp 12w\" sizes=\"(max-width: 500px) 100vw, 500px\" \/><\/figure><div class=\"wp-block-media-text__content\">\n<div class=\"wp-block-uagb-advanced-heading uagb-block-0f4f48fe\"><h4 class=\"uagb-heading-text\">Conocer mi trayectoria profesional<\/h4><\/div>\n\n\n\n<div class=\"wp-block-uagb-buttons uagb-buttons__outer-wrap uagb-btn__default-btn uagb-btn-tablet__default-btn uagb-btn-mobile__default-btn uagb-block-248e2f32\"><div class=\"uagb-buttons__wrap uagb-buttons-layout-wrap\">\n<div class=\"wp-block-uagb-buttons-child uagb-buttons__outer-wrap uagb-block-a4b6d4ac wp-block-button\" id=\"https:\/\/science-es-ciencia.com\/noticias\/\"><div class=\"uagb-button__wrapper\"><a class=\"uagb-buttons-repeater wp-block-button__link\" aria-label=\"\" href=\"\/fr\/presentacionytrayectoria\/\" rel=\"follow noopener\" target=\"_self\" role=\"button\"><div class=\"uagb-button__link\">Ver presentaci\u00f3n<\/div><\/a><\/div><\/div>\n<\/div><\/div>\n<\/div><\/div>\n\n\n\n<div class=\"wp-block-media-text has-media-on-the-right is-stacked-on-mobile\"><div class=\"wp-block-media-text__content\">\n<div class=\"wp-block-uagb-advanced-heading uagb-block-1c768800\"><h4 class=\"uagb-heading-text\">Escribirme, para obtener m\u00e1s informaci\u00f3n<\/h4><\/div>\n\n\n\n<div class=\"wp-block-uagb-buttons uagb-buttons__outer-wrap uagb-btn__default-btn uagb-btn-tablet__default-btn uagb-btn-mobile__default-btn uagb-block-e7683309\"><div class=\"uagb-buttons__wrap uagb-buttons-layout-wrap\">\n<div class=\"wp-block-uagb-buttons-child uagb-buttons__outer-wrap uagb-block-bc4a956f wp-block-button\" id=\"https:\/\/science-es-ciencia.com\/noticias\/\"><div class=\"uagb-button__wrapper\"><a class=\"uagb-buttons-repeater wp-block-button__link\" aria-label=\"\" href=\"\/fr\/contactopresupuesto\/\" rel=\"follow noopener\" target=\"_self\" role=\"button\"><div class=\"uagb-button__link\">Contacto<\/div><\/a><\/div><\/div>\n<\/div><\/div>\n<\/div><figure class=\"wp-block-media-text__media\"><img loading=\"lazy\" decoding=\"async\" width=\"677\" height=\"676\" src=\"https:\/\/science-es-ciencia.com\/wp-content\/uploads\/2024\/09\/contacto_3-1.webp\" alt=\"Ir al formulario de contacto\" class=\"wp-image-680 size-full\" srcset=\"https:\/\/science-es-ciencia.com\/wp-content\/uploads\/2024\/09\/contacto_3-1.webp 677w, https:\/\/science-es-ciencia.com\/wp-content\/uploads\/2024\/09\/contacto_3-1-300x300.webp 300w, https:\/\/science-es-ciencia.com\/wp-content\/uploads\/2024\/09\/contacto_3-1-150x150.webp 150w, https:\/\/science-es-ciencia.com\/wp-content\/uploads\/2024\/09\/contacto_3-1-12x12.webp 12w\" sizes=\"(max-width: 677px) 100vw, 677px\" \/><\/figure><\/div>\n\n\n\n<div class=\"wp-block-uagb-container uagb-block-3802bf5c\"><\/div>\n<\/div>","protected":false},"excerpt":{"rendered":"<p>Compartiendo la cultura cient\u00edfica Science es Ciencia nace con el objetivo de acercar al p\u00fablico hispanohablante la rica oferta de [&hellip;]<\/p>","protected":false},"author":1,"featured_media":0,"parent":0,"menu_order":0,"comment_status":"closed","ping_status":"closed","template":"","meta":{"om_disable_all_campaigns":false,"_uag_custom_page_level_css":"","site-sidebar-layout":"default","site-content-layout":"","ast-site-content-layout":"default","site-content-style":"default","site-sidebar-style":"default","ast-global-header-display":"","ast-banner-title-visibility":"","ast-main-header-display":"","ast-hfb-above-header-display":"","ast-hfb-below-header-display":"","ast-hfb-mobile-header-display":"","site-post-title":"disabled","ast-breadcrumbs-content":"","ast-featured-img":"","footer-sml-layout":"","ast-disable-related-posts":"","theme-transparent-header-meta":"","adv-header-id-meta":"","stick-header-meta":"","header-above-stick-meta":"","header-main-stick-meta":"","header-below-stick-meta":"","astra-migrate-meta-layouts":"default","ast-page-background-enabled":"default","ast-page-background-meta":{"desktop":{"background-color":"var(--ast-global-color-4)","background-image":"","background-repeat":"repeat","background-position":"center center","background-size":"auto","background-attachment":"scroll","background-type":"","background-media":"","overlay-type":"","overlay-color":"","overlay-opacity":"","overlay-gradient":""},"tablet":{"background-color":"","background-image":"","background-repeat":"repeat","background-position":"center center","background-size":"auto","background-attachment":"scroll","background-type":"","background-media":"","overlay-type":"","overlay-color":"","overlay-opacity":"","overlay-gradient":""},"mobile":{"background-color":"","background-image":"","background-repeat":"repeat","background-position":"center center","background-size":"auto","background-attachment":"scroll","background-type":"","background-media":"","overlay-type":"","overlay-color":"","overlay-opacity":"","overlay-gradient":""}},"ast-content-background-meta":{"desktop":{"background-color":"var(--ast-global-color-5)","background-image":"","background-repeat":"repeat","background-position":"center center","background-size":"auto","background-attachment":"scroll","background-type":"","background-media":"","overlay-type":"","overlay-color":"","overlay-opacity":"","overlay-gradient":""},"tablet":{"background-color":"var(--ast-global-color-5)","background-image":"","background-repeat":"repeat","background-position":"center center","background-size":"auto","background-attachment":"scroll","background-type":"","background-media":"","overlay-type":"","overlay-color":"","overlay-opacity":"","overlay-gradient":""},"mobile":{"background-color":"var(--ast-global-color-5)","background-image":"","background-repeat":"repeat","background-position":"center center","background-size":"auto","background-attachment":"scroll","background-type":"","background-media":"","overlay-type":"","overlay-color":"","overlay-opacity":"","overlay-gradient":""}},"footnotes":""},"uagb_featured_image_src":{"full":false,"thumbnail":false,"medium":false,"medium_large":false,"large":false,"1536x1536":false,"2048x2048":false,"trp-custom-language-flag":false},"uagb_author_info":{"display_name":"Lidia Torres","author_link":"https:\/\/science-es-ciencia.com\/fr\/author\/science-es-ciencia-com\/"},"uagb_comment_info":0,"uagb_excerpt":"Compartiendo la cultura cient\u00edfica Science es Ciencia nace con el objetivo de acercar al p\u00fablico hispanohablante la rica oferta de [&hellip;]","_links":{"self":[{"href":"https:\/\/science-es-ciencia.com\/fr\/wp-json\/wp\/v2\/pages\/12"}],"collection":[{"href":"https:\/\/science-es-ciencia.com\/fr\/wp-json\/wp\/v2\/pages"}],"about":[{"href":"https:\/\/science-es-ciencia.com\/fr\/wp-json\/wp\/v2\/types\/page"}],"author":[{"embeddable":true,"href":"https:\/\/science-es-ciencia.com\/fr\/wp-json\/wp\/v2\/users\/1"}],"replies":[{"embeddable":true,"href":"https:\/\/science-es-ciencia.com\/fr\/wp-json\/wp\/v2\/comments?post=12"}],"version-history":[{"count":77,"href":"https:\/\/science-es-ciencia.com\/fr\/wp-json\/wp\/v2\/pages\/12\/revisions"}],"predecessor-version":[{"id":889,"href":"https:\/\/science-es-ciencia.com\/fr\/wp-json\/wp\/v2\/pages\/12\/revisions\/889"}],"wp:attachment":[{"href":"https:\/\/science-es-ciencia.com\/fr\/wp-json\/wp\/v2\/media?parent=12"}],"curies":[{"name":"wp","href":"https:\/\/api.w.org\/{rel}","templated":true}]}}