{"id":120,"date":"2024-04-23T12:45:27","date_gmt":"2024-04-23T10:45:27","guid":{"rendered":"https:\/\/science-es-ciencia.com\/noticias-2\/"},"modified":"2024-09-29T06:59:24","modified_gmt":"2024-09-29T04:59:24","slug":"presentacionytrayectoria","status":"publish","type":"page","link":"https:\/\/science-es-ciencia.com\/fr\/presentacionytrayectoria\/","title":{"rendered":"Pr\u00e9sentation et trajectoire"},"content":{"rendered":"<div class=\"wp-block-uagb-container uagb-block-03423669 alignfull uagb-is-root-container\"><div class=\"uagb-container-inner-blocks-wrap\">\n<div class=\"wp-block-uagb-container uagb-block-0a53339e\">\n<p class=\"has-ast-global-color-7-background-color has-background\">Je suis physicienne par vocation. Adolescente, j\u2019ai d\u00e9couvert gr\u00e2ce \u00e0 d\u2019excellents professeurs combien la d\u00e9marche scientifique pouvait combler ma curiosit\u00e9. A cette \u00e9poque \u2014dans les ann\u00e9es 90\u2014les bons ouvrages de vulgarisation scientifique \u00e9taient encore rares dans les librairies espagnoles et internet ne faisait qu\u2019\u00e9merger.<\/p>\n\n\n\n<p class=\"has-ast-global-color-7-background-color has-background\">J\u2019ai suivi les cours de physique de l\u2019Universit\u00e9 de Saragosse jusqu\u2019au doctorat, lequel s\u2019est conclu par la d\u00e9fense de ma th\u00e8se consacr\u00e9e \u00e0 la \u00ab\u00a0Recherche de Mati\u00e8re Noire (de l\u2019Univers) avec des bolom\u00e8tres scintillants\u00a0\u00bb<\/p>\n\n\n\n<p class=\"has-ast-global-color-7-background-color has-background\">S\u2019en est suivie une p\u00e9riode post-doctorale en France pendant laquelle j\u2019ai pu appliquer les bolom\u00e8tres, une merveille de d\u00e9tecteur \u00e0 la pointe de la technologie, \u00e0 la physique des particules et \u00e0 l\u2019astrophysique. Au total, ce sont onze ann\u00e9es d\u00e9di\u00e9es \u00e0 la recherche scientifique et le privil\u00e8ge d\u2019avoir appris ce qu\u2019est la physique exp\u00e9rimentale, ou, autrement dit, l\u2019art d\u2019interroger la nature.<\/p>\n<\/div>\n\n\n\n<div class=\"wp-block-uagb-container uagb-block-6d4d2a3e\">\n<div class=\"wp-block-uagb-image uagb-block-90481d84 wp-block-uagb-image--layout-default wp-block-uagb-image--effect-static wp-block-uagb-image--align-none\"><figure class=\"wp-block-uagb-image__figure\"><img decoding=\"async\" srcset=\"https:\/\/science-es-ciencia.com\/wp-content\/uploads\/2024\/09\/IMG_4429.jpeg ,https:\/\/science-es-ciencia.com\/wp-content\/uploads\/2024\/09\/IMG_4429.jpeg 780w, https:\/\/science-es-ciencia.com\/wp-content\/uploads\/2024\/09\/IMG_4429.jpeg 360w\" sizes=\"(max-width: 480px) 150px\" src=\"https:\/\/science-es-ciencia.com\/wp-content\/uploads\/2024\/09\/IMG_4429.jpeg\" alt=\"\" class=\"uag-image-654\" width=\"427\" height=\"640\" title=\"IMG_4429\" loading=\"lazy\" role=\"img\"\/><\/figure><\/div>\n<\/div>\n<\/div><\/div>\n\n\n\n<div class=\"wp-block-uagb-container uagb-block-4af22aa2 alignfull uagb-is-root-container\"><div class=\"uagb-container-inner-blocks-wrap\">\n<p class=\"has-ast-global-color-7-background-color has-background\">La science m\u2019a conduite en France en 2008, et je continue d\u2019y r\u00e9sider. Au cours de ces ann\u00e9es j\u2019ai pu constater la qualit\u00e9 de la vulgarisation scientifique fran\u00e7aise et les efforts que fait la soci\u00e9t\u00e9 fran\u00e7aise pour se maintenir inform\u00e9e, tout en s\u00e9lectionnant les sources d\u2019informations les plus fiables. Parall\u00e8lement, les grands organismes de recherche fran\u00e7ais comme \u2014dont entre autres, le CNRS et le CEA\u2014 et les grandes maisons d\u2019\u00e9dition scientifiques consacrent de plus en plus de moyens \u00e0 la vulgarisation. Des chercheurs fran\u00e7ais toujours plus nombreux se risquent \u00e0 transmettre leurs connaissances \u00e0 un public vari\u00e9, conscients de leur mission de contribuer \u00e0 la formation continue d\u2019une soci\u00e9t\u00e9 en perp\u00e9tuelle mutation.&nbsp;<\/p>\n\n\n\n<p class=\"has-ast-global-color-7-background-color has-background\">Je propose \u00e0 mes compatriotes de leur ouvrir une fen\u00eatre sur ce qui se produit en vulgarisation scientifique dans notre pays voisin.<\/p>\n<\/div><\/div>","protected":false},"excerpt":{"rendered":"<p>Soy f\u00edsica por vocaci\u00f3n. Cuando era adolescente descubr\u00ed, gracias a mis excelentes profesores, las ciencias como mecanismo para saciar mi [&hellip;]<\/p>","protected":false},"author":1,"featured_media":0,"parent":0,"menu_order":0,"comment_status":"closed","ping_status":"closed","template":"","meta":{"om_disable_all_campaigns":false,"_uag_custom_page_level_css":"","site-sidebar-layout":"default","site-content-layout":"","ast-site-content-layout":"default","site-content-style":"default","site-sidebar-style":"default","ast-global-header-display":"","ast-banner-title-visibility":"","ast-main-header-display":"","ast-hfb-above-header-display":"","ast-hfb-below-header-display":"","ast-hfb-mobile-header-display":"","site-post-title":"disabled","ast-breadcrumbs-content":"","ast-featured-img":"","footer-sml-layout":"","ast-disable-related-posts":"","theme-transparent-header-meta":"","adv-header-id-meta":"","stick-header-meta":"","header-above-stick-meta":"","header-main-stick-meta":"","header-below-stick-meta":"","astra-migrate-meta-layouts":"default","ast-page-background-enabled":"default","ast-page-background-meta":{"desktop":{"background-color":"var(--ast-global-color-4)","background-image":"","background-repeat":"repeat","background-position":"center center","background-size":"auto","background-attachment":"scroll","background-type":"","background-media":"","overlay-type":"","overlay-color":"","overlay-opacity":"","overlay-gradient":""},"tablet":{"background-color":"","background-image":"","background-repeat":"repeat","background-position":"center center","background-size":"auto","background-attachment":"scroll","background-type":"","background-media":"","overlay-type":"","overlay-color":"","overlay-opacity":"","overlay-gradient":""},"mobile":{"background-color":"","background-image":"","background-repeat":"repeat","background-position":"center center","background-size":"auto","background-attachment":"scroll","background-type":"","background-media":"","overlay-type":"","overlay-color":"","overlay-opacity":"","overlay-gradient":""}},"ast-content-background-meta":{"desktop":{"background-color":"var(--ast-global-color-5)","background-image":"","background-repeat":"repeat","background-position":"center center","background-size":"auto","background-attachment":"scroll","background-type":"","background-media":"","overlay-type":"","overlay-color":"","overlay-opacity":"","overlay-gradient":""},"tablet":{"background-color":"var(--ast-global-color-5)","background-image":"","background-repeat":"repeat","background-position":"center center","background-size":"auto","background-attachment":"scroll","background-type":"","background-media":"","overlay-type":"","overlay-color":"","overlay-opacity":"","overlay-gradient":""},"mobile":{"background-color":"var(--ast-global-color-5)","background-image":"","background-repeat":"repeat","background-position":"center center","background-size":"auto","background-attachment":"scroll","background-type":"","background-media":"","overlay-type":"","overlay-color":"","overlay-opacity":"","overlay-gradient":""}},"footnotes":""},"uagb_featured_image_src":{"full":false,"thumbnail":false,"medium":false,"medium_large":false,"large":false,"1536x1536":false,"2048x2048":false,"trp-custom-language-flag":false},"uagb_author_info":{"display_name":"Lidia Torres","author_link":"https:\/\/science-es-ciencia.com\/fr\/author\/science-es-ciencia-com\/"},"uagb_comment_info":0,"uagb_excerpt":"Soy f\u00edsica por vocaci\u00f3n. Cuando era adolescente descubr\u00ed, gracias a mis excelentes profesores, las ciencias como mecanismo para saciar mi [&hellip;]","_links":{"self":[{"href":"https:\/\/science-es-ciencia.com\/fr\/wp-json\/wp\/v2\/pages\/120"}],"collection":[{"href":"https:\/\/science-es-ciencia.com\/fr\/wp-json\/wp\/v2\/pages"}],"about":[{"href":"https:\/\/science-es-ciencia.com\/fr\/wp-json\/wp\/v2\/types\/page"}],"author":[{"embeddable":true,"href":"https:\/\/science-es-ciencia.com\/fr\/wp-json\/wp\/v2\/users\/1"}],"replies":[{"embeddable":true,"href":"https:\/\/science-es-ciencia.com\/fr\/wp-json\/wp\/v2\/comments?post=120"}],"version-history":[{"count":57,"href":"https:\/\/science-es-ciencia.com\/fr\/wp-json\/wp\/v2\/pages\/120\/revisions"}],"predecessor-version":[{"id":657,"href":"https:\/\/science-es-ciencia.com\/fr\/wp-json\/wp\/v2\/pages\/120\/revisions\/657"}],"wp:attachment":[{"href":"https:\/\/science-es-ciencia.com\/fr\/wp-json\/wp\/v2\/media?parent=120"}],"curies":[{"name":"wp","href":"https:\/\/api.w.org\/{rel}","templated":true}]}}