{"id":122,"date":"2024-04-23T12:45:27","date_gmt":"2024-04-23T10:45:27","guid":{"rendered":"https:\/\/science-es-ciencia.com\/noticias-2\/"},"modified":"2024-10-08T16:37:08","modified_gmt":"2024-10-08T14:37:08","slug":"contactopresupuesto","status":"publish","type":"page","link":"https:\/\/science-es-ciencia.com\/fr\/contactopresupuesto\/","title":{"rendered":"Contact et devis"},"content":{"rendered":"<div class=\"wp-block-uagb-container uagb-block-162802d7 alignfull uagb-is-root-container\">\n<div class=\"wp-block-group is-vertical is-content-justification-center is-layout-flex wp-container-core-group-is-layout-1 wp-block-group-is-layout-flex\">\n<div class=\"wp-block-uagb-advanced-heading uagb-block-bbe4c3ec\"><h2 class=\"uagb-heading-text\">\u00bfEn qu\u00e9 te puedo ayudar?<\/h2><\/div>\n\n\n\n<h4 class=\"wp-block-heading has-ast-global-color-7-color has-text-color has-link-color wp-elements-05694a86bd38b473dfafe05ad8b25c79\">Escr\u00edbeme por correo electr\u00f3nico<\/h4>\n\n\n\n<h4 class=\"wp-block-heading has-ast-global-color-7-color has-text-color has-link-color wp-elements-56371c86795436b4ba121dace3f96466\">\u00e0 info@science-es-ciencia.com <\/h4>\n\n\n\n<h4 class=\"wp-block-heading has-ast-global-color-7-color has-text-color has-link-color wp-elements-c8d32566e48c9e6ea7e182e32d86a241\">ou par l\u2019interm\u00e9diaire du formulaire suivant:<\/h4>\n<\/div>\n<\/div>\n\n\n\n<div class=\"wp-block-uagb-container uagb-block-11475c0d default uagb-is-root-container\">\n<div class=\"wp-block-uagb-container uagb-block-c81ddda8\"><div class=\"wpforms-container wpforms-container-full wpforms-block wpforms-block-6cda6713-792b-48a0-81d9-bb2ef660710b wpforms-render-modern\" id=\"wpforms-191\"><form id=\"wpforms-form-191\" class=\"wpforms-validate wpforms-form wpforms-ajax-form\" data-formid=\"191\" method=\"post\" enctype=\"multipart\/form-data\" action=\"\/fr\/wp-json\/wp\/v2\/pages\/122\" data-token=\"5ee8918e774af93ab4d0f3f41b841059\" data-token-time=\"1778073319\" data-trp-original-action=\"\/fr\/wp-json\/wp\/v2\/pages\/122\"><noscript class=\"wpforms-error-noscript\">Veuillez activer JavaScript dans votre navigateur pour remplir ce formulaire.<\/noscript><div id=\"wpforms-error-noscript\" style=\"display: none;\">Veuillez activer JavaScript dans votre navigateur pour remplir ce formulaire.<\/div><div class=\"wpforms-field-container\"><div id=\"wpforms-191-field_0-container\" class=\"wpforms-field wpforms-field-name\" data-field-id=\"0\"><fieldset><legend class=\"wpforms-field-label\">Pr\u00e9nom et nom <span class=\"wpforms-required-label\" aria-hidden=\"true\">*<\/span><\/legend><div class=\"wpforms-field-row wpforms-field-medium\"><div class=\"wpforms-field-row-block wpforms-first wpforms-one-half\"><input type=\"text\" id=\"wpforms-191-field_0\" class=\"wpforms-field-name-first wpforms-field-required\" name=\"wpforms[fields][0][first]\" aria-errormessage=\"wpforms-191-field_0-error\" required><label for=\"wpforms-191-field_0\" class=\"wpforms-field-sublabel after\">Pr\u00e9nom<\/label><\/div><div class=\"wpforms-field-row-block wpforms-one-half\"><input type=\"text\" id=\"wpforms-191-field_0-last\" class=\"wpforms-field-name-last wpforms-field-required\" name=\"wpforms[fields][0][last]\" aria-errormessage=\"wpforms-191-field_0-last-error\" required><label for=\"wpforms-191-field_0-last\" class=\"wpforms-field-sublabel after\">Nom<\/label><\/div><\/div><\/fieldset><\/div><div id=\"wpforms-191-field_3-container\" class=\"wpforms-field wpforms-field-text\" data-field-id=\"3\"><label class=\"wpforms-field-label\" for=\"wpforms-191-field_3\">\u00c9ditions <span class=\"wpforms-required-label\" aria-hidden=\"true\">*<\/span><\/label><input type=\"text\" id=\"wpforms-191-field_3\" class=\"wpforms-field-medium wpforms-field-required\" name=\"wpforms[fields][3]\" aria-errormessage=\"wpforms-191-field_3-error\" required><\/div><div id=\"wpforms-191-field_5-container\" class=\"wpforms-field wpforms-field-select wpforms-field-select-style-classic\" data-field-id=\"5\"><label class=\"wpforms-field-label\" for=\"wpforms-191-field_5\">Objet <span class=\"wpforms-required-label\" aria-hidden=\"true\">*<\/span><\/label><select id=\"wpforms-191-field_5\" class=\"wpforms-field-medium wpforms-field-required\" name=\"wpforms[fields][5]\" required=\"required\"><option value=\"Informaci\u00f3n general\"  class=\"choice-2 depth-1\"  >Informaci\u00f3n general<\/option><option value=\"Informaci\u00f3n sobre tarifas\"  class=\"choice-1 depth-1\"  >Informaci\u00f3n sobre tarifas<\/option><option value=\"Solicitud de presupuesto\"  class=\"choice-3 depth-1\"  >Solicitud de presupuesto<\/option><option value=\"Demande de devis\"  class=\"choice-4 depth-1\"  >Demande de devis<\/option><option value=\"Solicitud de un informe de lectura\"  class=\"choice-5 depth-1\"  >Solicitud de un informe de lectura<\/option><\/select><\/div><div id=\"wpforms-191-field_1-container\" class=\"wpforms-field wpforms-field-email\" data-field-id=\"1\"><label class=\"wpforms-field-label\" for=\"wpforms-191-field_1\">Courrier \u00e9lectronique <span class=\"wpforms-required-label\" aria-hidden=\"true\">*<\/span><\/label><input type=\"email\" id=\"wpforms-191-field_1\" class=\"wpforms-field-medium wpforms-field-required\" name=\"wpforms[fields][1]\" spellcheck=\"false\" aria-errormessage=\"wpforms-191-field_1-error\" required><\/div><div id=\"wpforms-191-field_6-container\" class=\"wpforms-field wpforms-field-number\" data-field-id=\"6\"><label class=\"wpforms-field-label\" for=\"wpforms-191-field_6\">T\u00e9l\u00e9phone<\/label><input type=\"number\" id=\"wpforms-191-field_6\" class=\"wpforms-field-medium\" name=\"wpforms[fields][6]\" step=\"any\" aria-errormessage=\"wpforms-191-field_6-error\" ><\/div><div id=\"wpforms-191-field_2-container\" class=\"wpforms-field wpforms-field-textarea\" data-field-id=\"2\"><label class=\"wpforms-field-label\" for=\"wpforms-191-field_2\">Commentaire ou message <span class=\"wpforms-required-label\" aria-hidden=\"true\">*<\/span><\/label><textarea id=\"wpforms-191-field_2\" class=\"wpforms-field-medium wpforms-field-required\" name=\"wpforms[fields][2]\" aria-errormessage=\"wpforms-191-field_2-error\" required><\/textarea><\/div><div id=\"wpforms-191-field_4-container\" class=\"wpforms-field wpforms-field-gdpr-checkbox\" data-field-id=\"4\"><ul id=\"wpforms-191-field_4\" class=\"wpforms-field-required\"><li class=\"choice-1\"><input type=\"checkbox\" id=\"wpforms-191-field_4_1\" name=\"wpforms[fields][4][]\" value=\"Doy mi consentimiento a la recogida de datos y a la &lt;a target=&quot;_blank&quot; href=&quot;\/politica-privacidad\/&quot;&gt; pol\u00edtica de privacidad&lt;\/a&gt;\" aria-errormessage=\"wpforms-191-field_4_1-error\" required><label class=\"wpforms-field-label-inline\" for=\"wpforms-191-field_4_1\">Je donne mon consentement \u00e0 la collecte de donn\u00e9es et \u00e0 la politique de confidentialit\u00e9. <a target=\"_blank\" href=\"\/fr\/politica-privacidad\/\"> pol\u00edtica de privacidad<\/a><\/label><\/li><\/ul><\/div><\/div><!-- .wpforms-field-container --><div class=\"wpforms-submit-container\" ><input type=\"hidden\" name=\"wpforms[id]\" value=\"191\"><input type=\"hidden\" name=\"page_title\" value=\"\"><input type=\"hidden\" name=\"page_url\" value=\"https:\/\/science-es-ciencia.com\/fr\/wp-json\/wp\/v2\/pages\/122\"><input type=\"hidden\" name=\"url_referer\" value=\"\"><button type=\"submit\" name=\"wpforms[submit]\" id=\"wpforms-submit-191\" class=\"wpforms-submit\" data-alt-text=\"Enviando...\" data-submit-text=\"Enviar\" aria-live=\"assertive\" value=\"wpforms-submit\">Envoyer<\/button><img loading=\"lazy\" decoding=\"async\" src=\"https:\/\/science-es-ciencia.com\/wp-content\/plugins\/wpforms-lite\/assets\/images\/submit-spin.svg\" class=\"wpforms-submit-spinner\" style=\"display: none;\" width=\"26\" height=\"26\" alt=\"Chargement en cours\"><\/div><input type=\"hidden\" name=\"trp-form-language\" value=\"fr\"\/><\/form><\/div>  <!-- .wpforms-container --><\/div>\n<\/div>","protected":false},"excerpt":{"rendered":"<p>\u00bfEn qu\u00e9 te puedo ayudar? Escr\u00edbeme por correo electr\u00f3nico a info@science-es-ciencia.com o a trav\u00e9s del siguiente formulario<\/p>","protected":false},"author":1,"featured_media":0,"parent":0,"menu_order":0,"comment_status":"closed","ping_status":"closed","template":"","meta":{"om_disable_all_campaigns":false,"_uag_custom_page_level_css":"","site-sidebar-layout":"default","site-content-layout":"","ast-site-content-layout":"default","site-content-style":"default","site-sidebar-style":"default","ast-global-header-display":"","ast-banner-title-visibility":"","ast-main-header-display":"","ast-hfb-above-header-display":"","ast-hfb-below-header-display":"","ast-hfb-mobile-header-display":"","site-post-title":"disabled","ast-breadcrumbs-content":"","ast-featured-img":"","footer-sml-layout":"","ast-disable-related-posts":"","theme-transparent-header-meta":"","adv-header-id-meta":"","stick-header-meta":"","header-above-stick-meta":"","header-main-stick-meta":"","header-below-stick-meta":"","astra-migrate-meta-layouts":"default","ast-page-background-enabled":"default","ast-page-background-meta":{"desktop":{"background-color":"var(--ast-global-color-4)","background-image":"","background-repeat":"repeat","background-position":"center center","background-size":"auto","background-attachment":"scroll","background-type":"","background-media":"","overlay-type":"","overlay-color":"","overlay-opacity":"","overlay-gradient":""},"tablet":{"background-color":"","background-image":"","background-repeat":"repeat","background-position":"center center","background-size":"auto","background-attachment":"scroll","background-type":"","background-media":"","overlay-type":"","overlay-color":"","overlay-opacity":"","overlay-gradient":""},"mobile":{"background-color":"","background-image":"","background-repeat":"repeat","background-position":"center center","background-size":"auto","background-attachment":"scroll","background-type":"","background-media":"","overlay-type":"","overlay-color":"","overlay-opacity":"","overlay-gradient":""}},"ast-content-background-meta":{"desktop":{"background-color":"var(--ast-global-color-5)","background-image":"","background-repeat":"repeat","background-position":"center center","background-size":"auto","background-attachment":"scroll","background-type":"","background-media":"","overlay-type":"","overlay-color":"","overlay-opacity":"","overlay-gradient":""},"tablet":{"background-color":"var(--ast-global-color-5)","background-image":"","background-repeat":"repeat","background-position":"center center","background-size":"auto","background-attachment":"scroll","background-type":"","background-media":"","overlay-type":"","overlay-color":"","overlay-opacity":"","overlay-gradient":""},"mobile":{"background-color":"var(--ast-global-color-5)","background-image":"","background-repeat":"repeat","background-position":"center center","background-size":"auto","background-attachment":"scroll","background-type":"","background-media":"","overlay-type":"","overlay-color":"","overlay-opacity":"","overlay-gradient":""}},"footnotes":""},"uagb_featured_image_src":{"full":false,"thumbnail":false,"medium":false,"medium_large":false,"large":false,"1536x1536":false,"2048x2048":false,"trp-custom-language-flag":false},"uagb_author_info":{"display_name":"Lidia Torres","author_link":"https:\/\/science-es-ciencia.com\/fr\/author\/science-es-ciencia-com\/"},"uagb_comment_info":0,"uagb_excerpt":"\u00bfEn qu\u00e9 te puedo ayudar? Escr\u00edbeme por correo electr\u00f3nico a info@science-es-ciencia.com o a trav\u00e9s del siguiente formulario","_links":{"self":[{"href":"https:\/\/science-es-ciencia.com\/fr\/wp-json\/wp\/v2\/pages\/122"}],"collection":[{"href":"https:\/\/science-es-ciencia.com\/fr\/wp-json\/wp\/v2\/pages"}],"about":[{"href":"https:\/\/science-es-ciencia.com\/fr\/wp-json\/wp\/v2\/types\/page"}],"author":[{"embeddable":true,"href":"https:\/\/science-es-ciencia.com\/fr\/wp-json\/wp\/v2\/users\/1"}],"replies":[{"embeddable":true,"href":"https:\/\/science-es-ciencia.com\/fr\/wp-json\/wp\/v2\/comments?post=122"}],"version-history":[{"count":26,"href":"https:\/\/science-es-ciencia.com\/fr\/wp-json\/wp\/v2\/pages\/122\/revisions"}],"predecessor-version":[{"id":897,"href":"https:\/\/science-es-ciencia.com\/fr\/wp-json\/wp\/v2\/pages\/122\/revisions\/897"}],"wp:attachment":[{"href":"https:\/\/science-es-ciencia.com\/fr\/wp-json\/wp\/v2\/media?parent=122"}],"curies":[{"name":"wp","href":"https:\/\/api.w.org\/{rel}","templated":true}]}}