{"id":15,"date":"2024-04-23T12:45:27","date_gmt":"2024-04-23T10:45:27","guid":{"rendered":"https:\/\/science-es-ciencia.com\/?page_id=15"},"modified":"2024-10-11T12:15:52","modified_gmt":"2024-10-11T10:15:52","slug":"sugerencias","status":"publish","type":"page","link":"https:\/\/science-es-ciencia.com\/fr\/sugerencias\/","title":{"rendered":"Mis sugerencias"},"content":{"rendered":"<div class=\"wp-block-uagb-container uagb-block-162802d7 alignfull uagb-is-root-container\"><div class=\"uagb-container-inner-blocks-wrap\">\n<div class=\"wp-block-uagb-container uagb-block-dfbc13ad\">\n<h1 class=\"wp-block-heading alignwide has-text-align-left\">Mis sugerencias en divulgaci\u00f3n cient\u00edfica<\/h1>\n\n\n\n<p>Los libros que presento a continuaci\u00f3n me han encantado, por su originalidad, por su rigor y por su claridad. Algunos est\u00e1n dirigidos a un p\u00fablico general y otros a un p\u00fablico m\u00e1s joven. Esta selecci\u00f3n est\u00e1 sin duda condicionada por mi tema predilecto: la f\u00edsica.<\/p>\n<\/div>\n<\/div><\/div>\n\n\n\n<div class=\"wp-block-uagb-container uagb-block-2f27a5d7 alignfull uagb-is-root-container\"><div class=\"uagb-container-inner-blocks-wrap\">\n\t\t\t<div class=\"wp-block-uagb-post-grid uagb-post-grid  uagb-post__image-position-top uagb-post__image-enabled uagb-block-4372867f     uagb-post__items uagb-post__columns-3 is-grid uagb-post__columns-tablet-2 uagb-post__columns-mobile-1 uagb-post__equal-height\" data-total=\"1\" style=\"\">\n\n\t\t\t\t\t\t\t\t\t\t\t\t<article class=\"uagb-post__inner-wrap\">\t\t\t\t\t\t\t\t<div class='uagb-post__image'>\n\t\t\t\t\t\t\t\t\t<a href=\"https:\/\/science-es-ciencia.com\/fr\/la-physique-de-lextreme\/\" target=\"_self\" rel=\"bookmark noopener noreferrer\" class='uagb-image-ratio-inherit'><img loading=\"lazy\" decoding=\"async\" width=\"207\" height=\"300\" src=\"https:\/\/science-es-ciencia.com\/wp-content\/uploads\/2024\/09\/9782226490018-j-207x300.jpg\" class=\"attachment-medium size-medium\" alt=\"La f\u00edsica de lo extremo\" srcset=\"https:\/\/science-es-ciencia.com\/wp-content\/uploads\/2024\/09\/9782226490018-j-207x300.jpg 207w, https:\/\/science-es-ciencia.com\/wp-content\/uploads\/2024\/09\/9782226490018-j-8x12.jpg 8w, https:\/\/science-es-ciencia.com\/wp-content\/uploads\/2024\/09\/9782226490018-j.jpg 553w\" sizes=\"(max-width: 207px) 100vw, 207px\" \/>\t\t\t\t\t<\/a>\n\t\t\t\t\t\t\t<\/div>\n\t\t\t\t\t\t<h4 class=\"uagb-post__title uagb-post__text\">\n\t\t\t\t<a href=\"https:\/\/science-es-ciencia.com\/fr\/la-physique-de-lextreme\/\" target=\"_self\" rel=\"bookmark noopener noreferrer\">La physique de l&#8217;extr\u00eame<\/a>\n\t\t\t<\/h4>\n\t\t\t\t\t\t<div class='uagb-post__text uagb-post-grid-byline'>\n\t\t\t\t\t\t\t\t<time datetime=\"2024-09-30T07:16:45+02:00\" class=\"uagb-post__date\">\n\t\t\t\t<span class=\"dashicons-calendar dashicons\"><\/span>\t\t\t\t\t30 de septembre de 2024\t\t\t\t<\/time>\n\t\t\t\t\t\t\t<span class=\"uagb-post__comment\">\n\t\t\t\t<span class=\"dashicons-admin-comments dashicons\"><\/span>\t\t\t\t\tAucun commentaire\t\t\t\t<\/span>\n\t\t\t\t\t\t<\/div>\n\t\t\t\t\t\t<div class=\"uagb-post__text uagb-post__cta wp-block-button\">\n\t\t\t\t<a class=\"wp-block-button__link uagb-text-link\" style=\"\" href=\"https:\/\/science-es-ciencia.com\/fr\/la-physique-de-lextreme\/\" target=\"_self\" rel=\"bookmark noopener noreferrer\">Lire la suite<\/a>\n\t\t\t<\/div>\n\t\t\t\n\t\t\t\t\t\t\t\t\t<\/article>\n\t\t\t\t\t\t\t\t\t\t\t\t\t\t\t\t<article class=\"uagb-post__inner-wrap\">\t\t\t\t\t\t\t\t<div class='uagb-post__image'>\n\t\t\t\t\t\t\t\t\t<a href=\"https:\/\/science-es-ciencia.com\/fr\/bienvenue-dans-la-nouvelle-revolution-quantique\/\" target=\"_self\" rel=\"bookmark noopener noreferrer\" class='uagb-image-ratio-inherit'><img loading=\"lazy\" decoding=\"async\" width=\"218\" height=\"300\" src=\"https:\/\/science-es-ciencia.com\/wp-content\/uploads\/2024\/04\/Nouvelle_revolution_quentique_Bobroff-218x300.jpg\" class=\"attachment-medium size-medium\" alt=\"Julien Bobroff. Bienvenu dans la nouvelle r\u00e9volution quantique\" srcset=\"https:\/\/science-es-ciencia.com\/wp-content\/uploads\/2024\/04\/Nouvelle_revolution_quentique_Bobroff-218x300.jpg 218w, https:\/\/science-es-ciencia.com\/wp-content\/uploads\/2024\/04\/Nouvelle_revolution_quentique_Bobroff-745x1024.jpg 745w, https:\/\/science-es-ciencia.com\/wp-content\/uploads\/2024\/04\/Nouvelle_revolution_quentique_Bobroff-768x1056.jpg 768w, https:\/\/science-es-ciencia.com\/wp-content\/uploads\/2024\/04\/Nouvelle_revolution_quentique_Bobroff.jpg 945w\" sizes=\"(max-width: 218px) 100vw, 218px\" \/>\t\t\t\t\t<\/a>\n\t\t\t\t\t\t\t<\/div>\n\t\t\t\t\t\t<h4 class=\"uagb-post__title uagb-post__text\">\n\t\t\t\t<a href=\"https:\/\/science-es-ciencia.com\/fr\/bienvenue-dans-la-nouvelle-revolution-quantique\/\" target=\"_self\" rel=\"bookmark noopener noreferrer\">Bienvenue dans la nouvelle r\u00e9volution quantique<\/a>\n\t\t\t<\/h4>\n\t\t\t\t\t\t<div class='uagb-post__text uagb-post-grid-byline'>\n\t\t\t\t\t\t\t\t<time datetime=\"2024-09-29T07:16:00+02:00\" class=\"uagb-post__date\">\n\t\t\t\t<span class=\"dashicons-calendar dashicons\"><\/span>\t\t\t\t\t29 de septembre de 2024\t\t\t\t<\/time>\n\t\t\t\t\t\t\t<span class=\"uagb-post__comment\">\n\t\t\t\t<span class=\"dashicons-admin-comments dashicons\"><\/span>\t\t\t\t\tAucun commentaire\t\t\t\t<\/span>\n\t\t\t\t\t\t<\/div>\n\t\t\t\t\t\t<div class=\"uagb-post__text uagb-post__cta wp-block-button\">\n\t\t\t\t<a class=\"wp-block-button__link uagb-text-link\" style=\"\" href=\"https:\/\/science-es-ciencia.com\/fr\/bienvenue-dans-la-nouvelle-revolution-quantique\/\" target=\"_self\" rel=\"bookmark noopener noreferrer\">Lire la suite<\/a>\n\t\t\t<\/div>\n\t\t\t\n\t\t\t\t\t\t\t\t\t<\/article>\n\t\t\t\t\t\t\t\t\t\t\t\t\t\t\t\t<article class=\"uagb-post__inner-wrap\">\t\t\t\t\t\t\t\t<div class='uagb-post__image'>\n\t\t\t\t\t\t\t\t\t<a href=\"https:\/\/science-es-ciencia.com\/fr\/du-merveilleux-cache-dans-le-quotidien\/\" target=\"_self\" rel=\"bookmark noopener noreferrer\" class='uagb-image-ratio-inherit'><img loading=\"lazy\" decoding=\"async\" width=\"231\" height=\"300\" src=\"https:\/\/science-es-ciencia.com\/wp-content\/uploads\/2024\/04\/9782081350618-231x300.jpg\" class=\"attachment-medium size-medium\" alt=\"Du merveilleux cach\u00e9 dans le quotidien\" srcset=\"https:\/\/science-es-ciencia.com\/wp-content\/uploads\/2024\/04\/9782081350618-231x300.jpg 231w, https:\/\/science-es-ciencia.com\/wp-content\/uploads\/2024\/04\/9782081350618.jpg 346w\" sizes=\"(max-width: 231px) 100vw, 231px\" \/>\t\t\t\t\t<\/a>\n\t\t\t\t\t\t\t<\/div>\n\t\t\t\t\t\t<h4 class=\"uagb-post__title uagb-post__text\">\n\t\t\t\t<a href=\"https:\/\/science-es-ciencia.com\/fr\/du-merveilleux-cache-dans-le-quotidien\/\" target=\"_self\" rel=\"bookmark noopener noreferrer\">Du merveilleux cach\u00e9 dans le quotidien<\/a>\n\t\t\t<\/h4>\n\t\t\t\t\t\t<div class='uagb-post__text uagb-post-grid-byline'>\n\t\t\t\t\t\t\t\t<time datetime=\"2024-09-26T18:19:00+02:00\" class=\"uagb-post__date\">\n\t\t\t\t<span class=\"dashicons-calendar dashicons\"><\/span>\t\t\t\t\t26 de septembre de 2024\t\t\t\t<\/time>\n\t\t\t\t\t\t\t<span class=\"uagb-post__comment\">\n\t\t\t\t<span class=\"dashicons-admin-comments dashicons\"><\/span>\t\t\t\t\tAucun commentaire\t\t\t\t<\/span>\n\t\t\t\t\t\t<\/div>\n\t\t\t\t\t\t<div class=\"uagb-post__text uagb-post__cta wp-block-button\">\n\t\t\t\t<a class=\"wp-block-button__link uagb-text-link\" style=\"\" href=\"https:\/\/science-es-ciencia.com\/fr\/du-merveilleux-cache-dans-le-quotidien\/\" target=\"_self\" rel=\"bookmark noopener noreferrer\">Lire la suite<\/a>\n\t\t\t<\/div>\n\t\t\t\n\t\t\t\t\t\t\t\t\t<\/article>\n\t\t\t\t\t\t\t\t\t\t\t\t\t\t\t\t<article class=\"uagb-post__inner-wrap\">\t\t\t\t\t\t\t\t<div class='uagb-post__image'>\n\t\t\t\t\t\t\t\t\t<a href=\"https:\/\/science-es-ciencia.com\/fr\/lastronomie-vue-par-trois-ados\/\" target=\"_self\" rel=\"bookmark noopener noreferrer\" class='uagb-image-ratio-inherit'><img loading=\"lazy\" decoding=\"async\" width=\"200\" height=\"300\" src=\"https:\/\/science-es-ciencia.com\/wp-content\/uploads\/2024\/07\/9782377422494ORI-200x300.jpg\" class=\"attachment-medium size-medium\" alt=\"\" srcset=\"https:\/\/science-es-ciencia.com\/wp-content\/uploads\/2024\/07\/9782377422494ORI-200x300.jpg 200w, https:\/\/science-es-ciencia.com\/wp-content\/uploads\/2024\/07\/9782377422494ORI-8x12.jpg 8w, https:\/\/science-es-ciencia.com\/wp-content\/uploads\/2024\/07\/9782377422494ORI.jpg 351w\" sizes=\"(max-width: 200px) 100vw, 200px\" \/>\t\t\t\t\t<\/a>\n\t\t\t\t\t\t\t<\/div>\n\t\t\t\t\t\t<h4 class=\"uagb-post__title uagb-post__text\">\n\t\t\t\t<a href=\"https:\/\/science-es-ciencia.com\/fr\/lastronomie-vue-par-trois-ados\/\" target=\"_self\" rel=\"bookmark noopener noreferrer\">L&#8217;astronomie vue par trois ados<\/a>\n\t\t\t<\/h4>\n\t\t\t\t\t\t<div class='uagb-post__text uagb-post-grid-byline'>\n\t\t\t\t\t\t\t\t<time datetime=\"2024-07-24T20:12:21+02:00\" class=\"uagb-post__date\">\n\t\t\t\t<span class=\"dashicons-calendar dashicons\"><\/span>\t\t\t\t\t24 de juillet de 2024\t\t\t\t<\/time>\n\t\t\t\t\t\t\t<span class=\"uagb-post__comment\">\n\t\t\t\t<span class=\"dashicons-admin-comments dashicons\"><\/span>\t\t\t\t\tAucun commentaire\t\t\t\t<\/span>\n\t\t\t\t\t\t<\/div>\n\t\t\t\t\t\t<div class=\"uagb-post__text uagb-post__cta wp-block-button\">\n\t\t\t\t<a class=\"wp-block-button__link uagb-text-link\" style=\"\" href=\"https:\/\/science-es-ciencia.com\/fr\/lastronomie-vue-par-trois-ados\/\" target=\"_self\" rel=\"bookmark noopener noreferrer\">Lire la suite<\/a>\n\t\t\t<\/div>\n\t\t\t\n\t\t\t\t\t\t\t\t\t<\/article>\n\t\t\t\t\t\t\t\t\t\t\t\t\t\t\t\t<article class=\"uagb-post__inner-wrap\">\t\t\t\t\t\t\t\t<div class='uagb-post__image'>\n\t\t\t\t\t\t\t\t\t<a href=\"https:\/\/science-es-ciencia.com\/fr\/les-femmes-de-sciences-vues-par-une-ado\/\" target=\"_self\" rel=\"bookmark noopener noreferrer\" class='uagb-image-ratio-inherit'><img loading=\"lazy\" decoding=\"async\" width=\"200\" height=\"300\" src=\"https:\/\/science-es-ciencia.com\/wp-content\/uploads\/2024\/07\/9782377421497ORI-200x300.jpg\" class=\"attachment-medium size-medium\" alt=\"\" srcset=\"https:\/\/science-es-ciencia.com\/wp-content\/uploads\/2024\/07\/9782377421497ORI-200x300.jpg 200w, https:\/\/science-es-ciencia.com\/wp-content\/uploads\/2024\/07\/9782377421497ORI-8x12.jpg 8w, https:\/\/science-es-ciencia.com\/wp-content\/uploads\/2024\/07\/9782377421497ORI.jpg 351w\" sizes=\"(max-width: 200px) 100vw, 200px\" \/>\t\t\t\t\t<\/a>\n\t\t\t\t\t\t\t<\/div>\n\t\t\t\t\t\t<h4 class=\"uagb-post__title uagb-post__text\">\n\t\t\t\t<a href=\"https:\/\/science-es-ciencia.com\/fr\/les-femmes-de-sciences-vues-par-une-ado\/\" target=\"_self\" rel=\"bookmark noopener noreferrer\">Les femmes de sciences vues par une ado<\/a>\n\t\t\t<\/h4>\n\t\t\t\t\t\t<div class='uagb-post__text uagb-post-grid-byline'>\n\t\t\t\t\t\t\t\t<time datetime=\"2024-07-01T12:38:10+02:00\" class=\"uagb-post__date\">\n\t\t\t\t<span class=\"dashicons-calendar dashicons\"><\/span>\t\t\t\t\t1 de juillet de 2024\t\t\t\t<\/time>\n\t\t\t\t\t\t\t<span class=\"uagb-post__comment\">\n\t\t\t\t<span class=\"dashicons-admin-comments dashicons\"><\/span>\t\t\t\t\tAucun commentaire\t\t\t\t<\/span>\n\t\t\t\t\t\t<\/div>\n\t\t\t\t\t\t<div class=\"uagb-post__text uagb-post__cta wp-block-button\">\n\t\t\t\t<a class=\"wp-block-button__link uagb-text-link\" style=\"\" href=\"https:\/\/science-es-ciencia.com\/fr\/les-femmes-de-sciences-vues-par-une-ado\/\" target=\"_self\" rel=\"bookmark noopener noreferrer\">Lire la suite<\/a>\n\t\t\t<\/div>\n\t\t\t\n\t\t\t\t\t\t\t\t\t<\/article>\n\t\t\t\t\t\t\t\t\t\t\t\t\t\t\t\t<article class=\"uagb-post__inner-wrap\">\t\t\t\t\t\t\t\t<div class='uagb-post__image'>\n\t\t\t\t\t\t\t\t\t<a href=\"https:\/\/science-es-ciencia.com\/fr\/einstein-vu-par-un-ado\/\" target=\"_self\" rel=\"bookmark noopener noreferrer\" class='uagb-image-ratio-inherit'><img loading=\"lazy\" decoding=\"async\" width=\"200\" height=\"300\" src=\"https:\/\/science-es-ciencia.com\/wp-content\/uploads\/2024\/04\/71T2RLLL4L._SL1200_-200x300.jpg\" class=\"attachment-medium size-medium\" alt=\"\" srcset=\"https:\/\/science-es-ciencia.com\/wp-content\/uploads\/2024\/04\/71T2RLLL4L._SL1200_-200x300.jpg 200w, https:\/\/science-es-ciencia.com\/wp-content\/uploads\/2024\/04\/71T2RLLL4L._SL1200_-683x1024.jpg 683w, https:\/\/science-es-ciencia.com\/wp-content\/uploads\/2024\/04\/71T2RLLL4L._SL1200_-768x1152.jpg 768w, https:\/\/science-es-ciencia.com\/wp-content\/uploads\/2024\/04\/71T2RLLL4L._SL1200_.jpg 800w\" sizes=\"(max-width: 200px) 100vw, 200px\" \/>\t\t\t\t\t<\/a>\n\t\t\t\t\t\t\t<\/div>\n\t\t\t\t\t\t<h4 class=\"uagb-post__title uagb-post__text\">\n\t\t\t\t<a href=\"https:\/\/science-es-ciencia.com\/fr\/einstein-vu-par-un-ado\/\" target=\"_self\" rel=\"bookmark noopener noreferrer\">Einstein vu par un Ado<\/a>\n\t\t\t<\/h4>\n\t\t\t\t\t\t<div class='uagb-post__text uagb-post-grid-byline'>\n\t\t\t\t\t\t\t\t<time datetime=\"2024-04-26T13:52:14+02:00\" class=\"uagb-post__date\">\n\t\t\t\t<span class=\"dashicons-calendar dashicons\"><\/span>\t\t\t\t\t26 de avril de 2024\t\t\t\t<\/time>\n\t\t\t\t\t\t\t<span class=\"uagb-post__comment\">\n\t\t\t\t<span class=\"dashicons-admin-comments dashicons\"><\/span>\t\t\t\t\tAucun commentaire\t\t\t\t<\/span>\n\t\t\t\t\t\t<\/div>\n\t\t\t\t\t\t<div class=\"uagb-post__text uagb-post__cta wp-block-button\">\n\t\t\t\t<a class=\"wp-block-button__link uagb-text-link\" style=\"\" href=\"https:\/\/science-es-ciencia.com\/fr\/einstein-vu-par-un-ado\/\" target=\"_self\" rel=\"bookmark noopener noreferrer\">Lire la suite<\/a>\n\t\t\t<\/div>\n\t\t\t\n\t\t\t\t\t\t\t\t\t<\/article>\n\t\t\t\t\t\t\t\t\t\t\t<\/div>\n\t\t\t<\/div><\/div>","protected":false},"excerpt":{"rendered":"<p>Mis sugerencias en divulgaci\u00f3n cient\u00edfica Los libros que presento a continuaci\u00f3n me han encantado, por su originalidad, por su rigor [&hellip;]<\/p>","protected":false},"author":1,"featured_media":0,"parent":0,"menu_order":0,"comment_status":"closed","ping_status":"closed","template":"","meta":{"om_disable_all_campaigns":false,"_uag_custom_page_level_css":"","site-sidebar-layout":"default","site-content-layout":"","ast-site-content-layout":"default","site-content-style":"default","site-sidebar-style":"default","ast-global-header-display":"","ast-banner-title-visibility":"","ast-main-header-display":"","ast-hfb-above-header-display":"","ast-hfb-below-header-display":"","ast-hfb-mobile-header-display":"","site-post-title":"disabled","ast-breadcrumbs-content":"","ast-featured-img":"","footer-sml-layout":"","ast-disable-related-posts":"","theme-transparent-header-meta":"","adv-header-id-meta":"","stick-header-meta":"","header-above-stick-meta":"","header-main-stick-meta":"","header-below-stick-meta":"","astra-migrate-meta-layouts":"default","ast-page-background-enabled":"default","ast-page-background-meta":{"desktop":{"background-color":"var(--ast-global-color-4)","background-image":"","background-repeat":"repeat","background-position":"center center","background-size":"auto","background-attachment":"scroll","background-type":"","background-media":"","overlay-type":"","overlay-color":"","overlay-opacity":"","overlay-gradient":""},"tablet":{"background-color":"","background-image":"","background-repeat":"repeat","background-position":"center center","background-size":"auto","background-attachment":"scroll","background-type":"","background-media":"","overlay-type":"","overlay-color":"","overlay-opacity":"","overlay-gradient":""},"mobile":{"background-color":"","background-image":"","background-repeat":"repeat","background-position":"center center","background-size":"auto","background-attachment":"scroll","background-type":"","background-media":"","overlay-type":"","overlay-color":"","overlay-opacity":"","overlay-gradient":""}},"ast-content-background-meta":{"desktop":{"background-color":"var(--ast-global-color-5)","background-image":"","background-repeat":"repeat","background-position":"center center","background-size":"auto","background-attachment":"scroll","background-type":"","background-media":"","overlay-type":"","overlay-color":"","overlay-opacity":"","overlay-gradient":""},"tablet":{"background-color":"var(--ast-global-color-5)","background-image":"","background-repeat":"repeat","background-position":"center center","background-size":"auto","background-attachment":"scroll","background-type":"","background-media":"","overlay-type":"","overlay-color":"","overlay-opacity":"","overlay-gradient":""},"mobile":{"background-color":"var(--ast-global-color-5)","background-image":"","background-repeat":"repeat","background-position":"center center","background-size":"auto","background-attachment":"scroll","background-type":"","background-media":"","overlay-type":"","overlay-color":"","overlay-opacity":"","overlay-gradient":""}},"footnotes":""},"uagb_featured_image_src":{"full":false,"thumbnail":false,"medium":false,"medium_large":false,"large":false,"1536x1536":false,"2048x2048":false,"trp-custom-language-flag":false},"uagb_author_info":{"display_name":"Lidia Torres","author_link":"https:\/\/science-es-ciencia.com\/fr\/author\/science-es-ciencia-com\/"},"uagb_comment_info":0,"uagb_excerpt":"Mis sugerencias en divulgaci\u00f3n cient\u00edfica Los libros que presento a continuaci\u00f3n me han encantado, por su originalidad, por su rigor [&hellip;]","_links":{"self":[{"href":"https:\/\/science-es-ciencia.com\/fr\/wp-json\/wp\/v2\/pages\/15"}],"collection":[{"href":"https:\/\/science-es-ciencia.com\/fr\/wp-json\/wp\/v2\/pages"}],"about":[{"href":"https:\/\/science-es-ciencia.com\/fr\/wp-json\/wp\/v2\/types\/page"}],"author":[{"embeddable":true,"href":"https:\/\/science-es-ciencia.com\/fr\/wp-json\/wp\/v2\/users\/1"}],"replies":[{"embeddable":true,"href":"https:\/\/science-es-ciencia.com\/fr\/wp-json\/wp\/v2\/comments?post=15"}],"version-history":[{"count":59,"href":"https:\/\/science-es-ciencia.com\/fr\/wp-json\/wp\/v2\/pages\/15\/revisions"}],"predecessor-version":[{"id":891,"href":"https:\/\/science-es-ciencia.com\/fr\/wp-json\/wp\/v2\/pages\/15\/revisions\/891"}],"wp:attachment":[{"href":"https:\/\/science-es-ciencia.com\/fr\/wp-json\/wp\/v2\/media?parent=15"}],"curies":[{"name":"wp","href":"https:\/\/api.w.org\/{rel}","templated":true}]}}