{"id":3,"date":"2024-04-23T11:07:22","date_gmt":"2024-04-23T09:07:22","guid":{"rendered":"http:\/\/science-es-ciencia.com\/?page_id=3"},"modified":"2024-05-11T09:30:26","modified_gmt":"2024-05-11T07:30:26","slug":"politica-privacidad","status":"publish","type":"page","link":"https:\/\/science-es-ciencia.com\/fr\/politica-privacidad\/","title":{"rendered":"Pol\u00edtica de privacidad"},"content":{"rendered":"<div class=\"wp-block-uagb-container uagb-block-d0d11dc4 alignfull uagb-is-root-container\"><div class=\"uagb-container-inner-blocks-wrap\">\n<div class=\"wp-block-uagb-container uagb-block-362847d6\">\n<h1 class=\"wp-block-heading\">Pol\u00edtica de privacidad<\/h1>\n<\/div>\n\n\n\n<div class=\"wp-block-uagb-container uagb-block-bea36aef\"><\/div>\n<\/div><\/div>\n\n\n\n<p>Se informa al usuario que el titular de esta p\u00e1gina web es&nbsp;EI Lidia Torres (Estudio Sciences)<strong>,&nbsp;<\/strong>inscrita en el registro de las empresas francesas, consultable en https:\/\/data.inpi.fr, cuyos datos identificativos constan en el presente aviso legal (apartado protecci\u00f3n datos personales).&nbsp;<\/p>\n\n\n\n<h2 class=\"wp-block-heading\">Reglamento Europeo de Protecci\u00f3n de Datos Personales (RGPD)<\/h2>\n\n\n\n<h3 class=\"wp-block-heading\">\u00bfQui\u00e9n es el responsable del tratamiento de los datos personales recabados a trav\u00e9s de este sitio web?&nbsp;<\/h3>\n\n\n\n<p>En cumplimiento de lo establecido por el&nbsp;<a href=\"https:\/\/www.boe.es\/doue\/2016\/119\/L00001-00088.pdf\">Reglamento (UE) 2016\/679<\/a>, del Parlamento Europeo y del Consejo, de 27 de abril de 2016, relativo a la protecci\u00f3n de los datos de las personas f\u00edsicas en lo que respecta al tratamiento de datos personales y a la libre circulaci\u00f3n de estos datos, as\u00ed como lo establecido en la &nbsp;<a href=\"https:\/\/www.legifrance.gouv.fr\/affichTexte.do?cidTexte=JORFTEXT000000886460\" target=\"_blank\" rel=\"noreferrer noopener\">loi fran\u00e7aise&nbsp;\u00ab&nbsp;Informatique et Libert\u00e9s&nbsp;\u00bb&nbsp;de 1978<\/a>,&nbsp;modificada por&nbsp;<a href=\"https:\/\/www.legifrance.gouv.fr\/jorf\/id\/JORFTEXT000037085952\" target=\"_blank\" rel=\"noreferrer noopener\">la loi du 20 juin 2018 relative \u00e0 la protection des donn\u00e9es personnelles<\/a>, se informa a los usuarios de este sitio web que el responsable del tratamiento de sus datos es:&nbsp;<\/p>\n\n\n\n<ul>\n<li>Denominaci\u00f3n comercial:&nbsp;<strong>science-es-ciencia.com<\/strong><\/li>\n\n\n\n<li>Denominaci\u00f3n social:&nbsp;<strong>Lidia Torres (Estudio Sciences)<\/strong><\/li>\n\n\n\n<li>CIF:&nbsp;<strong>N\u00b0 Siret: 927 458 745 00019<\/strong><\/li>\n\n\n\n<li>Domicilio social:&nbsp;<strong>8, rue Raoul Dautry CP 91190 Gif-sur-Yvette, Francia<\/strong><\/li>\n\n\n\n<li>Actividad social:&nbsp;<strong>Traducci\u00f3n cient\u00edfica<\/strong><\/li>\n<\/ul>\n\n\n\n<p>De acuerdo con lo establecido en la normativa europea de Protecci\u00f3n de datos personales,&nbsp;Lidia Torres (Estudio Sciences)&nbsp;garantiza la protecci\u00f3n y confidencialidad de los datos personales proporcionados por los usuarios a trav\u00e9s de esta web, seg\u00fan lo establecido en la presente pol\u00edtica de protecci\u00f3n de datos, que debe haber aceptado en el formulario de contacto.<\/p>\n\n\n\n<p>Nuestra empresa garantiza la seguridad y confidencialidad en todas las comunicaciones con nuestros clientes a trav\u00e9s de un servidor seguro, basado en el est\u00e1ndar SSL que protege los datos frente a intentos de violaci\u00f3n por terceros.&nbsp;<\/p>\n\n\n\n<h3 class=\"wp-block-heading\">\u00bfQu\u00e9 datos personales trataremos y cu\u00e1l es la obligatoriedad a suministrarlos?&nbsp;<\/h3>\n\n\n\n<p>Siguiendo los principios de minimizaci\u00f3n de datos y privacidad por defecto, \u00fanicamente solicitaremos los datos necesarios para llevar a cabo la finalidad para la cual recaban, de manera que s\u00f3lo solicitaremos datos proporcionales y no excesivos a trav\u00e9s del formulario de contacto.<\/p>\n\n\n\n<p>La negativa por parte del usuario a proporcionar sus datos en dicho formulario o el suministro de datos incorrectos, impedir\u00e1 que podamos atender su solicitud, sin perjuicio de que pueda visualizar libremente el contenido del sitio web.&nbsp;<\/p>\n\n\n\n<p>De igual modo, le informamos que algunas de las funcionalidades de este sitio web permiten la geolocalizaci\u00f3n del dispositivo desde el cual se accede.&nbsp;<\/p>\n\n\n\n<h3 class=\"wp-block-heading\">\u00bfCon qu\u00e9 finalidad tratamos sus datos personales?&nbsp;<\/h3>\n\n\n\n<p>Lidia Torres (Estudio Sciences)&nbsp;informa al usuario, que sus datos ser\u00e1n tratados con las siguientes finalidades:&nbsp;<\/p>\n\n\n\n<ol>\n<li><strong>Gesti\u00f3n de consultas formuladas a trav\u00e9s de la web.&nbsp;<\/strong>Realizaremos los tratamientos de datos necesarios para la atenci\u00f3n de su solicitud de informaci\u00f3n, de manera que trataremos datos como su nombre, apellidos, e-mail, tel\u00e9fono, editorial.&nbsp;<\/li>\n\n\n\n<li><strong>Gesti\u00f3n de la navegaci\u00f3n del usuario a trav\u00e9s de la web (tratamiento de datos de cookies)&nbsp;<\/strong>sus datos se tratar\u00e1n conforme a la pol\u00edtica de cookies disponible en esta p\u00e1gina.&nbsp;<\/li>\n\n\n\n<li><strong>Control inform\u00e1tico de la p\u00e1gina web<\/strong>. Realizaremos actuaciones de control del uso de la p\u00e1gina web para prevenir y detectar cualquier utilizaci\u00f3n indebida.&nbsp;<\/li>\n<\/ol>\n\n\n\n<h3 class=\"wp-block-heading\">\u00bfCu\u00e1l es la base jur\u00eddica que permite el tratamiento de sus datos personales?&nbsp;<\/h3>\n\n\n\n<p>En los casos en que el usuario formule alguna consulta a trav\u00e9s de los formularios de contacto habilitados, la BASE JUR\u00cdDICA que legitima el tratamiento es el consentimiento expreso que se otorga al aceptar la presente pol\u00edtica de protecci\u00f3n de datos, mediante la marcaci\u00f3n de la casilla correspondiente habilitada a tal efecto.&nbsp;<\/p>\n\n\n\n<p>Los formularios habilitados en este sitio web cuentan con una casilla de aceptaci\u00f3n, de manera que el usuario no lo marca, no podr\u00e1 enviar su informaci\u00f3n personal.&nbsp;<\/p>\n\n\n\n<p>En los casos en que el usuario se limite a visualizar el contenido de este sitio web sin que cumplimente datos identificativos en el formulario de contacto, la BASE JUR\u00cdDICA para el tratamiento es el inter\u00e9s leg\u00edtimo del responsable, concretamente nuestro inter\u00e9s en garantizar un buen uso y funcionamiento del servicio.&nbsp;<\/p>\n\n\n\n<h3 class=\"wp-block-heading\">\u00bfPor cu\u00e1nto tiempo conservaremos sus datos?&nbsp;<\/h3>\n\n\n\n<p>Sus datos personales se tratar\u00e1n durante el tiempo necesario para la atenci\u00f3n de su consulta o petici\u00f3n. Si finalmente usted llega a adquirir nuestros productos, trataremos sus datos hasta el cumplimiento del plazo de prescripci\u00f3n de responsabilidades nacidas del tratamiento.&nbsp;<\/p>\n\n\n\n<h3 class=\"wp-block-heading\">\u00bfA qui\u00e9nes comunicaremos sus datos?&nbsp;<\/h3>\n\n\n\n<p>Comunicaremos sus datos personales a Organismos P\u00fablicos para el cumplimiento de obligaciones legales y en su caso a nuestros proveedores de hosting y de servicios tecnol\u00f3gicos.&nbsp;<\/p>\n\n\n\n<p>En nuestra web le ofrecemos enlaces con diferentes redes sociales. Si es usted miembro de una red social y haces clic sobre el correspondiente enlace, el proveedor de la red social podr\u00e1 enlazar sus datos de perfil con la informaci\u00f3n en su visita a la web. Por tanto, es conveniente que se informes sobre las funciones y pol\u00edticas sobre el tratamiento de datos personales de la respectiva red social.&nbsp;<\/p>\n\n\n\n<h3 class=\"wp-block-heading\">\u00bfC\u00f3mo hemos obtenido tus datos?&nbsp;<\/h3>\n\n\n\n<p>Los datos personales se han obtenido a trav\u00e9s del formulario de contacto habilitado en este sitio web.&nbsp;<\/p>\n\n\n\n<h3 class=\"wp-block-heading\">\u00bfC\u00f3mo puede el usuario revocar su consentimiento?&nbsp;<\/h3>\n\n\n\n<p>El usuario puede desde este momento y en cualquier otro posterior retirar el consentimiento otorgado para el tratamiento de sus datos, mediante comunicaci\u00f3n dirigida a: lidiatorres@science-es-ciencia.com, el cual no tendr\u00e1 en ning\u00fan caso efectos retroactivos.&nbsp;<\/p>\n\n\n\n<h3 class=\"wp-block-heading\">\u00bfCu\u00e1les son sus derechos en protecci\u00f3n de datos?&nbsp;<\/h3>\n\n\n\n<p>Usted puede ejercitar, si lo desea, los derechos de acceso, rectificaci\u00f3n y supresi\u00f3n de datos, limitaci\u00f3n del tratamiento, portabilidad y oposici\u00f3n a trav\u00e9s de comunicaci\u00f3n dirigida a nuestro domicilio o mediante correo electr\u00f3nico enviado a la direcci\u00f3n:&nbsp;lidiatorres@science-es-ciencia.com.De igual modo, tiene derecho a presentar reclamaci\u00f3n ante la Agencia Espa\u00f1ola de Protecci\u00f3n de Datos si considera que se han vulnerado sus derechos en materia de protecci\u00f3n de datos personales.&nbsp;<\/p>\n\n\n\n<h3 class=\"wp-block-heading\">Listado de Cookies<\/h3>\n\n\n\n<p>En nuestra p\u00e1gina de Pol\u00edtica de Cookies podr\u00e1 consultar el listado de las cookies utilizadas por nuestra web y la finalidad de cada una de ellas.<\/p>\n\n\n\n<h3 class=\"wp-block-heading\">Textos legales de referencia<\/h3>\n\n\n\n<ul>\n<li>el&nbsp;<a href=\"https:\/\/www.boe.es\/doue\/2016\/119\/L00001-00088.pdf\">Reglamento (UE) 2016\/679<\/a>, del Parlamento Europeo y del Consejo, de 27 de abril de 2016, relativo a la protecci\u00f3n de los datos de las personas f\u00edsicas en lo que respecta al tratamiento de datos personales y a la libre circulaci\u00f3n de estos datos.<\/li>\n\n\n\n<li>La&nbsp;<a href=\"https:\/\/www.legifrance.gouv.fr\/affichTexte.do?cidTexte=JORFTEXT000000886460\" target=\"_blank\" rel=\"noreferrer noopener\">loi fran\u00e7aise&nbsp;\u00ab&nbsp;Informatique et Libert\u00e9s&nbsp;\u00bb&nbsp;de 1978<\/a>,&nbsp;modificada por&nbsp;<a href=\"https:\/\/www.legifrance.gouv.fr\/jorf\/id\/JORFTEXT000037085952\" target=\"_blank\" rel=\"noreferrer noopener\">la loi du 20 juin 2018 relative \u00e0 la protection des donn\u00e9es personnelles<\/a>, que establece las reglas de colecta y utilizaci\u00f3n de datos en el territorio franc\u00e9s.<\/li>\n<\/ul>\n\n\n\n<p style=\"margin-top:0;margin-bottom:0;padding-top:var(--wp--preset--spacing--60);padding-bottom:var(--wp--preset--spacing--60)\"><\/p>","protected":false},"excerpt":{"rendered":"<p>Pol\u00edtica de privacidad Se informa al usuario que el titular de esta p\u00e1gina web es&nbsp;EI Lidia Torres (Estudio Sciences),&nbsp;inscrita en [&hellip;]<\/p>","protected":false},"author":1,"featured_media":0,"parent":0,"menu_order":0,"comment_status":"closed","ping_status":"closed","template":"","meta":{"om_disable_all_campaigns":false,"_uag_custom_page_level_css":"","site-sidebar-layout":"default","site-content-layout":"","ast-site-content-layout":"default","site-content-style":"default","site-sidebar-style":"default","ast-global-header-display":"","ast-banner-title-visibility":"","ast-main-header-display":"","ast-hfb-above-header-display":"","ast-hfb-below-header-display":"","ast-hfb-mobile-header-display":"","site-post-title":"disabled","ast-breadcrumbs-content":"","ast-featured-img":"","footer-sml-layout":"","ast-disable-related-posts":"","theme-transparent-header-meta":"","adv-header-id-meta":"","stick-header-meta":"","header-above-stick-meta":"","header-main-stick-meta":"","header-below-stick-meta":"","astra-migrate-meta-layouts":"default","ast-page-background-enabled":"default","ast-page-background-meta":{"desktop":{"background-color":"var(--ast-global-color-4)","background-image":"","background-repeat":"repeat","background-position":"center center","background-size":"auto","background-attachment":"scroll","background-type":"","background-media":"","overlay-type":"","overlay-color":"","overlay-opacity":"","overlay-gradient":""},"tablet":{"background-color":"","background-image":"","background-repeat":"repeat","background-position":"center center","background-size":"auto","background-attachment":"scroll","background-type":"","background-media":"","overlay-type":"","overlay-color":"","overlay-opacity":"","overlay-gradient":""},"mobile":{"background-color":"","background-image":"","background-repeat":"repeat","background-position":"center center","background-size":"auto","background-attachment":"scroll","background-type":"","background-media":"","overlay-type":"","overlay-color":"","overlay-opacity":"","overlay-gradient":""}},"ast-content-background-meta":{"desktop":{"background-color":"var(--ast-global-color-5)","background-image":"","background-repeat":"repeat","background-position":"center center","background-size":"auto","background-attachment":"scroll","background-type":"","background-media":"","overlay-type":"","overlay-color":"","overlay-opacity":"","overlay-gradient":""},"tablet":{"background-color":"var(--ast-global-color-5)","background-image":"","background-repeat":"repeat","background-position":"center center","background-size":"auto","background-attachment":"scroll","background-type":"","background-media":"","overlay-type":"","overlay-color":"","overlay-opacity":"","overlay-gradient":""},"mobile":{"background-color":"var(--ast-global-color-5)","background-image":"","background-repeat":"repeat","background-position":"center center","background-size":"auto","background-attachment":"scroll","background-type":"","background-media":"","overlay-type":"","overlay-color":"","overlay-opacity":"","overlay-gradient":""}},"footnotes":""},"uagb_featured_image_src":{"full":false,"thumbnail":false,"medium":false,"medium_large":false,"large":false,"1536x1536":false,"2048x2048":false,"trp-custom-language-flag":false},"uagb_author_info":{"display_name":"Lidia Torres","author_link":"https:\/\/science-es-ciencia.com\/fr\/author\/science-es-ciencia-com\/"},"uagb_comment_info":0,"uagb_excerpt":"Pol\u00edtica de privacidad Se informa al usuario que el titular de esta p\u00e1gina web es&nbsp;EI Lidia Torres (Estudio Sciences),&nbsp;inscrita en [&hellip;]","_links":{"self":[{"href":"https:\/\/science-es-ciencia.com\/fr\/wp-json\/wp\/v2\/pages\/3"}],"collection":[{"href":"https:\/\/science-es-ciencia.com\/fr\/wp-json\/wp\/v2\/pages"}],"about":[{"href":"https:\/\/science-es-ciencia.com\/fr\/wp-json\/wp\/v2\/types\/page"}],"author":[{"embeddable":true,"href":"https:\/\/science-es-ciencia.com\/fr\/wp-json\/wp\/v2\/users\/1"}],"replies":[{"embeddable":true,"href":"https:\/\/science-es-ciencia.com\/fr\/wp-json\/wp\/v2\/comments?post=3"}],"version-history":[{"count":25,"href":"https:\/\/science-es-ciencia.com\/fr\/wp-json\/wp\/v2\/pages\/3\/revisions"}],"predecessor-version":[{"id":513,"href":"https:\/\/science-es-ciencia.com\/fr\/wp-json\/wp\/v2\/pages\/3\/revisions\/513"}],"wp:attachment":[{"href":"https:\/\/science-es-ciencia.com\/fr\/wp-json\/wp\/v2\/media?parent=3"}],"curies":[{"name":"wp","href":"https:\/\/api.w.org\/{rel}","templated":true}]}}