{"id":358,"date":"2024-05-06T12:08:55","date_gmt":"2024-05-06T10:08:55","guid":{"rendered":"https:\/\/science-es-ciencia.com\/?page_id=358"},"modified":"2024-05-11T09:31:10","modified_gmt":"2024-05-11T07:31:10","slug":"aviso-legal","status":"publish","type":"page","link":"https:\/\/science-es-ciencia.com\/fr\/aviso-legal\/","title":{"rendered":"Aviso legal"},"content":{"rendered":"<div class=\"wp-block-uagb-container uagb-block-81252984 alignfull uagb-is-root-container\"><div class=\"uagb-container-inner-blocks-wrap\">\n<div class=\"wp-block-uagb-container uagb-block-8ebc0b64\">\n<h2 class=\"wp-block-heading\">Aviso Legal<\/h2>\n<\/div>\n\n\n\n<div class=\"wp-block-uagb-container uagb-block-1d90ba12\">\n<div class=\"wp-block-uagb-image uagb-block-f206b455 wp-block-uagb-image--layout-default wp-block-uagb-image--effect-static wp-block-uagb-image--align-none\"><figure class=\"wp-block-uagb-image__figure\"><img decoding=\"async\" srcset=\"https:\/\/science-es-ciencia.com\/wp-content\/uploads\/2024\/04\/judgment-6823792_1280-e1714474503301.png ,https:\/\/science-es-ciencia.com\/wp-content\/uploads\/2024\/04\/judgment-6823792_1280-e1714474503301.png 780w, https:\/\/science-es-ciencia.com\/wp-content\/uploads\/2024\/04\/judgment-6823792_1280-e1714474503301.png 360w\" sizes=\"(max-width: 480px) 150px\" src=\"https:\/\/science-es-ciencia.com\/wp-content\/uploads\/2024\/04\/judgment-6823792_1280-e1714474503301.png\" alt=\"Imagen de Mohamed Hassan en &quot;https:\/\/pixabay.com&quot;\" class=\"uag-image-317\" width=\"1280\" height=\"793\" title=\"politica de privacidad\" loading=\"lazy\" role=\"img\"\/><\/figure><\/div>\n<\/div>\n<\/div><\/div>\n\n\n\n<h2 class=\"wp-block-heading\">1. Aviso Legal<\/h2>\n\n\n\n<ul>\n<li>&nbsp;Lidia Torres (Estudio Sciences) es una empresa individual basada en Francia y, en cumplimiento de lo dispuesto en la&nbsp;<a href=\"https:\/\/www.legifrance.gouv.fr\/loda\/article_lc\/LEGIARTI000032236011\/\" target=\"_blank\" rel=\"noreferrer noopener\">Loi n\u00b02004-575 du 21 juin 2004 pour la confiance dans l&#8217;\u00e9conomie num\u00e9rique&nbsp;: article 19<\/a>&nbsp;y en la&nbsp;<a href=\"https:\/\/www.legifrance.gouv.fr\/loda\/article_lc\/LEGIARTI000044067469\" target=\"_blank\" rel=\"noreferrer noopener\">Loi n\u00b02004-575 du 21 juin 2004 pour la confiance dans l&#8217;\u00e9conomie num\u00e9rique&nbsp;: article 6<\/a>,&nbsp;le informa que tiene los siguientes datos:<\/li>\n\n\n\n<li><strong>Denominaci\u00f3n social<\/strong>:<strong>&nbsp;EI Lidia Torres (Estudio Sciences)<\/strong><\/li>\n\n\n\n<li><strong>&nbsp;N\u00b0 Siret: 927 458 745 00019<\/strong><\/li>\n\n\n\n<li><strong>Domicio social<\/strong>:<strong>&nbsp;8, rue Raoul Dautry 91190 Gif-sur-Yvette, Francia<\/strong><\/li>\n\n\n\n<li><strong>Contacto<\/strong>:&nbsp;<strong>admin@estudio-sciences.com<\/strong><\/li>\n<\/ul>\n\n\n\n<p>La empresa individual Lidia Torres (Estudio Sciences) es propietaria del dominio science-es-ciencia.com y de las p\u00e1ginas en internet a las que se acceda a trav\u00e9s de dicho dominio y est\u00e9n alojadas en \u00e9l.<\/p>\n\n\n\n<p>Este sitio web no puede garantizar su disponibilidad permanente, ni la ausencia de virus u otros elementos lesivos que pudieran ocasionar da\u00f1os a sistemas inform\u00e1ticos. Asimismo, no se hace responsable de los da\u00f1os y perjuicios directos o indirectos derivados del uso o acceso a dicho sitio.<\/p>\n\n\n\n<h2 class=\"wp-block-heading\">2. Propiedad Intelectual<\/h2>\n\n\n\n<p>Todos los contenidos del sitio web science-es-ciencia.com, ya sean fotograf\u00edas, im\u00e1genes, dibujos, textos, audio, video, animaciones, software, c\u00f3digos fuente, logotipos y dise\u00f1o, est\u00e1n protegidos por la normativa de Propiedad Intelectual e Industrial, en particular por el art\u00edculo &nbsp;L. 111-1 du code de&nbsp;la propri\u00e9t\u00e9 intellectuelle&nbsp;(CPI)&nbsp;(legislaci\u00f3n francesa).<\/p>\n\n\n\n<p>Los derechos sobre los contenidos pertenecen a Lidia Torres (Estudio Sciences) o, en su caso, a terceros. En ning\u00fan caso el acceso a science-es-ciencia.com implica cesi\u00f3n, transmisi\u00f3n o cualquier otro tipo de renuncia ni total ni parcial, de los derechos de Propiedad Intelectual o Industrial.<\/p>\n\n\n\n<p>El usuario del sitio web deber\u00e1 abstenerse de suprimir, alterar, eludir o manipular cualquiera de los dispositivos de protecci\u00f3n o sistemas de seguridad que puedan estar instalados en la misma.<\/p>\n\n\n\n<p>No se permite la reproducci\u00f3n y\/o publicaci\u00f3n, total o parcial, del sitio web, ni su tratamiento inform\u00e1tico, o su distribuci\u00f3n, su difusi\u00f3n, su reventa, su transformaci\u00f3n u otra actividad realizable con los contenidos de sus p\u00e1ginas web, ni aun citando las fuentes utilizadas sin el permiso previo y por escrito del mismo por Lidia Torres (Estudio Sciences), dando lugar a la responsabilidad establecida legalmente.<\/p>\n\n\n\n<p>El usuario, \u00fanica y exclusivamente, puede utilizar el material que aparezca en este sitio web para su uso personal y privado, quedando prohibido su uso con fines comerciales. Todos los derechos derivados de la propiedad intelectual est\u00e1n expresamente reservados por&nbsp;Lidia Torres (Estudio Sciences) ejercitando todas las acciones civiles y penales que le correspondan en el caso de infracci\u00f3n o incumplimiento de estos derechos por parte del usuario.<\/p>\n\n\n\n<p style=\"padding-top:var(--wp--preset--spacing--60);padding-bottom:var(--wp--preset--spacing--60)\"><\/p>","protected":false},"excerpt":{"rendered":"<p>Aviso Legal 1. Aviso Legal La empresa individual Lidia Torres (Estudio Sciences) es propietaria del dominio science-es-ciencia.com y de las [&hellip;]<\/p>","protected":false},"author":1,"featured_media":0,"parent":0,"menu_order":0,"comment_status":"closed","ping_status":"closed","template":"","meta":{"om_disable_all_campaigns":false,"_uag_custom_page_level_css":"","site-sidebar-layout":"default","site-content-layout":"","ast-site-content-layout":"default","site-content-style":"default","site-sidebar-style":"default","ast-global-header-display":"","ast-banner-title-visibility":"","ast-main-header-display":"","ast-hfb-above-header-display":"","ast-hfb-below-header-display":"","ast-hfb-mobile-header-display":"","site-post-title":"disabled","ast-breadcrumbs-content":"","ast-featured-img":"","footer-sml-layout":"","ast-disable-related-posts":"","theme-transparent-header-meta":"","adv-header-id-meta":"","stick-header-meta":"","header-above-stick-meta":"","header-main-stick-meta":"","header-below-stick-meta":"","astra-migrate-meta-layouts":"default","ast-page-background-enabled":"default","ast-page-background-meta":{"desktop":{"background-color":"var(--ast-global-color-4)","background-image":"","background-repeat":"repeat","background-position":"center center","background-size":"auto","background-attachment":"scroll","background-type":"","background-media":"","overlay-type":"","overlay-color":"","overlay-opacity":"","overlay-gradient":""},"tablet":{"background-color":"","background-image":"","background-repeat":"repeat","background-position":"center center","background-size":"auto","background-attachment":"scroll","background-type":"","background-media":"","overlay-type":"","overlay-color":"","overlay-opacity":"","overlay-gradient":""},"mobile":{"background-color":"","background-image":"","background-repeat":"repeat","background-position":"center center","background-size":"auto","background-attachment":"scroll","background-type":"","background-media":"","overlay-type":"","overlay-color":"","overlay-opacity":"","overlay-gradient":""}},"ast-content-background-meta":{"desktop":{"background-color":"var(--ast-global-color-5)","background-image":"","background-repeat":"repeat","background-position":"center center","background-size":"auto","background-attachment":"scroll","background-type":"","background-media":"","overlay-type":"","overlay-color":"","overlay-opacity":"","overlay-gradient":""},"tablet":{"background-color":"var(--ast-global-color-5)","background-image":"","background-repeat":"repeat","background-position":"center center","background-size":"auto","background-attachment":"scroll","background-type":"","background-media":"","overlay-type":"","overlay-color":"","overlay-opacity":"","overlay-gradient":""},"mobile":{"background-color":"var(--ast-global-color-5)","background-image":"","background-repeat":"repeat","background-position":"center center","background-size":"auto","background-attachment":"scroll","background-type":"","background-media":"","overlay-type":"","overlay-color":"","overlay-opacity":"","overlay-gradient":""}},"footnotes":""},"uagb_featured_image_src":{"full":false,"thumbnail":false,"medium":false,"medium_large":false,"large":false,"1536x1536":false,"2048x2048":false,"trp-custom-language-flag":false},"uagb_author_info":{"display_name":"Lidia Torres","author_link":"https:\/\/science-es-ciencia.com\/fr\/author\/science-es-ciencia-com\/"},"uagb_comment_info":0,"uagb_excerpt":"Aviso Legal 1. Aviso Legal La empresa individual Lidia Torres (Estudio Sciences) es propietaria del dominio science-es-ciencia.com y de las [&hellip;]","_links":{"self":[{"href":"https:\/\/science-es-ciencia.com\/fr\/wp-json\/wp\/v2\/pages\/358"}],"collection":[{"href":"https:\/\/science-es-ciencia.com\/fr\/wp-json\/wp\/v2\/pages"}],"about":[{"href":"https:\/\/science-es-ciencia.com\/fr\/wp-json\/wp\/v2\/types\/page"}],"author":[{"embeddable":true,"href":"https:\/\/science-es-ciencia.com\/fr\/wp-json\/wp\/v2\/users\/1"}],"replies":[{"embeddable":true,"href":"https:\/\/science-es-ciencia.com\/fr\/wp-json\/wp\/v2\/comments?post=358"}],"version-history":[{"count":14,"href":"https:\/\/science-es-ciencia.com\/fr\/wp-json\/wp\/v2\/pages\/358\/revisions"}],"predecessor-version":[{"id":514,"href":"https:\/\/science-es-ciencia.com\/fr\/wp-json\/wp\/v2\/pages\/358\/revisions\/514"}],"wp:attachment":[{"href":"https:\/\/science-es-ciencia.com\/fr\/wp-json\/wp\/v2\/media?parent=358"}],"curies":[{"name":"wp","href":"https:\/\/api.w.org\/{rel}","templated":true}]}}