{"id":374,"date":"2024-05-06T15:52:46","date_gmt":"2024-05-06T13:52:46","guid":{"rendered":"https:\/\/science-es-ciencia.com\/?page_id=374"},"modified":"2024-05-11T09:31:48","modified_gmt":"2024-05-11T07:31:48","slug":"politica-de-cookies","status":"publish","type":"page","link":"https:\/\/science-es-ciencia.com\/fr\/politica-de-cookies\/","title":{"rendered":"Pol\u00edtica de Cookies"},"content":{"rendered":"<div class=\"wp-block-uagb-container uagb-block-9df31004 alignfull uagb-is-root-container\"><div class=\"uagb-container-inner-blocks-wrap\">\n<div class=\"wp-block-uagb-container uagb-block-bd9d4484\">\n<h2 class=\"wp-block-heading\">1. Pol\u00edtica de cookies<\/h2>\n<\/div>\n\n\n\n<div class=\"wp-block-uagb-container uagb-block-5a9da4b0\">\n<div class=\"wp-block-uagb-image uagb-block-62eefad9 wp-block-uagb-image--layout-default wp-block-uagb-image--effect-static wp-block-uagb-image--align-none\"><figure class=\"wp-block-uagb-image__figure\"><img decoding=\"async\" srcset=\"https:\/\/science-es-ciencia.com\/wp-content\/uploads\/2024\/05\/fig_cookies.png ,https:\/\/science-es-ciencia.com\/wp-content\/uploads\/2024\/05\/fig_cookies.png 780w, https:\/\/science-es-ciencia.com\/wp-content\/uploads\/2024\/05\/fig_cookies.png 360w\" sizes=\"(max-width: 480px) 150px\" src=\"https:\/\/science-es-ciencia.com\/wp-content\/uploads\/2024\/05\/fig_cookies.png\" alt=\"\" class=\"uag-image-448\" width=\"702\" height=\"314\" title=\"fig_cookies\" loading=\"lazy\" role=\"img\"\/><\/figure><\/div>\n<\/div>\n<\/div><\/div>\n\n\n\n<p>En usa cookies propias y de terceros con el objetivo de lograr la&nbsp;<strong>mejor experiencia de usuario<\/strong>&nbsp;posible, implementar&nbsp;<strong>funcionalidades esenciales<\/strong>&nbsp;para su correcto funcionamiento y la obtenci\u00f3n de&nbsp;<strong>estad\u00edsticas de visitas an\u00f3nimas<\/strong>&nbsp;a la web y similares, vitales para la toma de decisiones en nuestro negocio.<br><br>Las cookies&nbsp;<strong>no permiten la recopilaci\u00f3n de informaci\u00f3n personal del usuario<\/strong>. Esto es una limitaci\u00f3n t\u00e9cnica impl\u00edcita a la tecnolog\u00eda de cookies, no algo peculiar de la implementaci\u00f3n de este sitio web.<\/p>\n\n\n\n<p>Solamente permiten reconocer el mismo dispositivo de navegaci\u00f3n (ordenador, m\u00f3vil, etc.) cuando vuelve acceder a la web, pero sin poder conocer la identidad de su usuario.<\/p>\n\n\n\n<p>Pr\u00e1cticamente todos los navegadores populares actuales permiten la&nbsp;<strong>configuraci\u00f3n<\/strong>&nbsp;de las pol\u00edticas descarga de cookies y es posible deshabilitarla por completo si el usuario as\u00ed lo decide.<\/p>\n\n\n\n<p>Tal como se indica en el aviso de cookies, usted deber\u00e1 dar su consentimiento expl\u00edcito al uso de las cookies aqu\u00ed listadas. <\/p>\n\n\n\n<h2 class=\"wp-block-heading\">2.&nbsp;&nbsp;Entidad Responsable<\/h2>\n\n\n\n<p>La entidad responsable de la recogida, procesamiento y utilizaci\u00f3n de sus datos personales es:<\/p>\n\n\n\n<ul>\n<li>Denominaci\u00f3n comercial:&nbsp;<strong>science-es-ciencia.com<\/strong><\/li>\n\n\n\n<li>Denominaci\u00f3n social:&nbsp;<strong>Lidia Torres (Estudio Sciences)<\/strong><\/li>\n\n\n\n<li><strong>N\u00b0 Siret: 927 458 745 00019<\/strong><\/li>\n\n\n\n<li>Domicilio social:&nbsp;<strong>8, rue Raoul Dautry 91190 Gif-sur-Yvette, Francia<\/strong><\/li>\n\n\n\n<li>Actividad social:&nbsp;<strong>Traducci\u00f3n cient\u00edfica<\/strong><\/li>\n<\/ul>\n\n\n\n<h2 class=\"wp-block-heading\">3.&nbsp;&nbsp;\u00bfQu\u00e9&nbsp;son&nbsp;las&nbsp;cookies?<\/h2>\n\n\n\n<p>Las cookies son un conjunto de datos que un servidor deposita en el navegador del usuario que permite reconocer el dispositivo en cuesti\u00f3n (ordenador, m\u00f3vil, etc.).<\/p>\n\n\n\n<p>Pr\u00e1cticamente la totalidad de las webs usan cookies ya que permiten a las p\u00e1ginas funcionar de manera m\u00e1s eficiente y conseguir una mayor personalizaci\u00f3n y an\u00e1lisis sobre el comportamiento del usuario.<\/p>\n\n\n\n<p>Las cookies&nbsp;<strong>no permiten la identificaci\u00f3n y recopilaci\u00f3n de datos personales del usuario<\/strong>, solamente reconocer un dispositivo que haya accedido con anterioridad a la web en cuesti\u00f3n.<\/p>\n\n\n\n<p>Para poder reconocer la identidad del usuario, es necesario que \u00e9ste se&nbsp;<strong>registre<\/strong>&nbsp;expresamente en la web y que proporcione expresamente su informaci\u00f3n personal tal como ocurre en los servicios online de todo tipo (banca, comercio electr\u00f3nico, proveedores, etc.).<\/p>\n\n\n\n<p>Si el usuario&nbsp;<strong>no cierra la sesi\u00f3n<\/strong>, al poder reconocer con la cookie el dispositivo con el que el usuario se registr\u00f3 inicialmente, se puede reconocer indirectamente al usuario. No obstante,&nbsp;<strong>en rigor<\/strong>, lo que se sigue reconociendo en este caso&nbsp;<strong>sigue siendo el dispositivo, no el usuario<\/strong>.<\/p>\n\n\n\n<p>Esto se ve claro si se piensa en el caso de&nbsp;<strong>una persona diferente a la que hizo el registro<\/strong>&nbsp;y que utiliza ese mismo dispositivo m\u00e1s tarde para acceder a la misma web.<\/p>\n\n\n\n<p>La web&nbsp;<strong>no puede saber t\u00e9cnicamente si el usuario es el mismo u otro diferente<\/strong>&nbsp;y el problema de seguridad ocurre realmente&nbsp;<strong>a nivel del propio usuario<\/strong>&nbsp;(dejar acceder a otra persona un dispositivo con informaci\u00f3n confidencial a suya).<\/p>\n\n\n\n<h2 class=\"wp-block-heading\">4.&nbsp;&nbsp;Cookies&nbsp;utilizadas&nbsp;en esta web<\/h2>\n\n\n\n<p>A continuaci\u00f3n, se listan las cookies concretas utilizadas por esta web:<\/p>\n\n\n\n<h3 class=\"wp-block-heading\">Cookies propias<\/h3>\n\n\n\n<p>Las cookies propias en esta web son las siguientes:<\/p>\n\n\n\n<figure class=\"wp-block-table\"><table><tbody><tr><td><strong>Nombre<\/strong><\/td><td><strong>Tipo<\/strong><\/td><td><strong>Caducidad<\/strong><\/td><td><strong>Finalidad<\/strong><\/td><td><strong>Clase<\/strong><\/td><\/tr><tr><td><strong>PHPSESSID<\/strong><strong><\/strong><\/td><td>Propia<\/td><td>Fin de sesi\u00f3n<\/td><td>Distinguir a los usuarios<\/td><td>No exenta<\/td><\/tr><tr><td><strong>wevarnishpass<\/strong><strong><\/strong><\/td><td>Propia<\/td><td>1 hora<\/td><td>Sistema cach\u00e9 en servidor para acelerar la web<\/td><td>No exenta<\/td><\/tr><tr><td><strong>wpEmojiSettingsSupports<\/strong><\/td><td>Propia<\/td><td>Fin de sesi\u00f3n<\/td><td>WordPress usa esta cookie cuando un usuario interacciona con emojis en un sitio WordPress. Ayuda a determinar si el explorador del usuario puede mostrar adecuadamente los emojis.<\/td><td><\/td><\/tr><\/tbody><\/table><\/figure>\n\n\n\n<h3 class=\"wp-block-heading\">Cookies de terceros<\/h3>\n\n\n\n<p>Esta web utiliza tambi\u00e9n cookies de terceros y contiene enlaces que llevan a otras webs que, a su vez, son fuente de sus propias cookies y las de terceros.<\/p>\n\n\n\n<p>Las cookies de terceros usadas en esta web son las siguientes:<\/p>\n\n\n\n<figure class=\"wp-block-table\"><table><tbody><tr><td><strong>Nombre<\/strong><\/td><td><strong>Tipo<\/strong><\/td><td><strong>Caducidad<\/strong><\/td><td><strong>Finalidad<\/strong><\/td><td><strong>Clase<\/strong><\/td><\/tr><tr><td><strong>_ga<\/strong><strong><\/strong><\/td><td>Google Analytics<\/td><td>2 a\u00f1os<\/td><td>Distinguir a los usuarios<\/td><td>No exenta<\/td><\/tr><tr><td><strong>_gid<\/strong><\/td><td>Google Analytics<\/td><td>24 horas<\/td><td>Distinguir a los usuarios<\/td><td>No exenta<\/td><\/tr><tr><td><strong>_ga_&lt;container-id&gt;<\/strong><strong><\/strong><\/td><td>Google Analytics<\/td><td>2 a\u00f1os<\/td><td>Mantener el estado de la sesi\u00f3n<\/td><td>No exenta<\/td><\/tr><tr><td><strong>_gac_gb_&lt;container-id&gt;<\/strong><\/td><td>Google Analytics<\/td><td>90 d\u00edas<\/td><td>Informaci\u00f3n de publicidad<\/td><td>No exenta<\/td><\/tr><tr><td><strong>IDE<\/strong><strong><\/strong><\/td><td>YouTube<\/td><td>1 a\u00f1os<\/td><td>Gesti\u00f3n de la publicidad dentro de los v\u00eddeos YouTube<\/td><td>No exenta<\/td><\/tr><\/tbody><\/table><\/figure>\n\n\n\n<p>A continuaci\u00f3n, se enumeran los diferentes tipos de cookies de terceros y sus caracter\u00edsticas.<\/p>\n\n\n\n<h4 class=\"wp-block-heading\">Reproductores multimedia<\/h4>\n\n\n\n<p>La web de la empresa&nbsp;<strong>Lidia Torres (Estudio Sciences)<\/strong>&nbsp;utiliza en ocasiones contenidos audio y video propios y de terceros mediante reproductores populares tales como Youtube, Vimeo y otros similares.<\/p>\n\n\n\n<p>Estos reproductores pueden dejar cookies en el sitio que los embebe para cuestiones como los anuncios de publicidad online mostrada por el reproductor o para almacenar y recuperar preferencias del usuario en el uso de estos reproductores.<\/p>\n\n\n\n<h4 class=\"wp-block-heading\">Cookies de publicidad online<\/h4>\n\n\n\n<p>Este sitio no publica anuncios online en sus contenidos los cuales utilizan habitualmente cookies para la optimizaci\u00f3n de los anuncios mostrados al usuario.<\/p>\n\n\n\n<p>No obstante, como consecuencia de utilizar reproductores multimedia embebidos como el reproductor de YouTube, por ejemplo, las cookies de las plataformas de publicidad online usadas por estos sitios se instalar\u00e1n tambi\u00e9n al visitar&nbsp;<strong>science-es-ciencia.com<\/strong>. Estas cookies se pueden consultar en la tabla de cookies de esta p\u00e1gina.<\/p>\n\n\n\n<h4 class=\"wp-block-heading\">Cookies de redes sociales<\/h4>\n\n\n\n<p>Los plugins para la creaci\u00f3n de botones de redes sociales y elementos similares relacionados con las mismas pueden generar cookies de estas terceras partes. En esta web este tipo de elementos son de implementaci\u00f3n propia y no generan cookies en su funcionamiento.<\/p>\n\n\n\n<h2 class=\"wp-block-heading\">5. Cambios en las cookies utilizadas<\/h2>\n\n\n\n<p>Dado que la lista aqu\u00ed presentada de cookies puede variar ligeramente por cambios en las herramientas usadas, especialmente en el caso de terceros (el reproductor de YouTube, etc.), por favor, consulte la lista actualizada de cookies en las preferencias del aviso de cookies.<\/p>\n\n\n\n<p style=\"padding-top:var(--wp--preset--spacing--60);padding-bottom:var(--wp--preset--spacing--60)\"><\/p>","protected":false},"excerpt":{"rendered":"<p>1. Pol\u00edtica de cookies En usa cookies propias y de terceros con el objetivo de lograr la&nbsp;mejor experiencia de usuario&nbsp;posible, [&hellip;]<\/p>","protected":false},"author":1,"featured_media":0,"parent":0,"menu_order":0,"comment_status":"closed","ping_status":"closed","template":"","meta":{"om_disable_all_campaigns":false,"_uag_custom_page_level_css":"","site-sidebar-layout":"default","site-content-layout":"","ast-site-content-layout":"default","site-content-style":"default","site-sidebar-style":"default","ast-global-header-display":"","ast-banner-title-visibility":"","ast-main-header-display":"","ast-hfb-above-header-display":"","ast-hfb-below-header-display":"","ast-hfb-mobile-header-display":"","site-post-title":"disabled","ast-breadcrumbs-content":"","ast-featured-img":"","footer-sml-layout":"","ast-disable-related-posts":"","theme-transparent-header-meta":"","adv-header-id-meta":"","stick-header-meta":"","header-above-stick-meta":"","header-main-stick-meta":"","header-below-stick-meta":"","astra-migrate-meta-layouts":"default","ast-page-background-enabled":"default","ast-page-background-meta":{"desktop":{"background-color":"var(--ast-global-color-4)","background-image":"","background-repeat":"repeat","background-position":"center center","background-size":"auto","background-attachment":"scroll","background-type":"","background-media":"","overlay-type":"","overlay-color":"","overlay-opacity":"","overlay-gradient":""},"tablet":{"background-color":"","background-image":"","background-repeat":"repeat","background-position":"center center","background-size":"auto","background-attachment":"scroll","background-type":"","background-media":"","overlay-type":"","overlay-color":"","overlay-opacity":"","overlay-gradient":""},"mobile":{"background-color":"","background-image":"","background-repeat":"repeat","background-position":"center center","background-size":"auto","background-attachment":"scroll","background-type":"","background-media":"","overlay-type":"","overlay-color":"","overlay-opacity":"","overlay-gradient":""}},"ast-content-background-meta":{"desktop":{"background-color":"var(--ast-global-color-5)","background-image":"","background-repeat":"repeat","background-position":"center center","background-size":"auto","background-attachment":"scroll","background-type":"","background-media":"","overlay-type":"","overlay-color":"","overlay-opacity":"","overlay-gradient":""},"tablet":{"background-color":"var(--ast-global-color-5)","background-image":"","background-repeat":"repeat","background-position":"center center","background-size":"auto","background-attachment":"scroll","background-type":"","background-media":"","overlay-type":"","overlay-color":"","overlay-opacity":"","overlay-gradient":""},"mobile":{"background-color":"var(--ast-global-color-5)","background-image":"","background-repeat":"repeat","background-position":"center center","background-size":"auto","background-attachment":"scroll","background-type":"","background-media":"","overlay-type":"","overlay-color":"","overlay-opacity":"","overlay-gradient":""}},"footnotes":""},"uagb_featured_image_src":{"full":false,"thumbnail":false,"medium":false,"medium_large":false,"large":false,"1536x1536":false,"2048x2048":false,"trp-custom-language-flag":false},"uagb_author_info":{"display_name":"Lidia Torres","author_link":"https:\/\/science-es-ciencia.com\/fr\/author\/science-es-ciencia-com\/"},"uagb_comment_info":0,"uagb_excerpt":"1. Pol\u00edtica de cookies En usa cookies propias y de terceros con el objetivo de lograr la&nbsp;mejor experiencia de usuario&nbsp;posible, [&hellip;]","_links":{"self":[{"href":"https:\/\/science-es-ciencia.com\/fr\/wp-json\/wp\/v2\/pages\/374"}],"collection":[{"href":"https:\/\/science-es-ciencia.com\/fr\/wp-json\/wp\/v2\/pages"}],"about":[{"href":"https:\/\/science-es-ciencia.com\/fr\/wp-json\/wp\/v2\/types\/page"}],"author":[{"embeddable":true,"href":"https:\/\/science-es-ciencia.com\/fr\/wp-json\/wp\/v2\/users\/1"}],"replies":[{"embeddable":true,"href":"https:\/\/science-es-ciencia.com\/fr\/wp-json\/wp\/v2\/comments?post=374"}],"version-history":[{"count":16,"href":"https:\/\/science-es-ciencia.com\/fr\/wp-json\/wp\/v2\/pages\/374\/revisions"}],"predecessor-version":[{"id":515,"href":"https:\/\/science-es-ciencia.com\/fr\/wp-json\/wp\/v2\/pages\/374\/revisions\/515"}],"wp:attachment":[{"href":"https:\/\/science-es-ciencia.com\/fr\/wp-json\/wp\/v2\/media?parent=374"}],"curies":[{"name":"wp","href":"https:\/\/api.w.org\/{rel}","templated":true}]}}