{"id":801,"date":"2024-10-01T13:01:26","date_gmt":"2024-10-01T11:01:26","guid":{"rendered":"https:\/\/science-es-ciencia.com\/informesdelectura-2\/"},"modified":"2024-10-09T17:21:25","modified_gmt":"2024-10-09T15:21:25","slug":"informesdelectura","status":"publish","type":"page","link":"https:\/\/science-es-ciencia.com\/fr\/informesdelectura\/","title":{"rendered":"Informes de lectura"},"content":{"rendered":"<div class=\"wp-block-uagb-container uagb-block-97b1d057 alignfull uagb-is-root-container\"><div class=\"uagb-container-inner-blocks-wrap\">\n<div class=\"wp-block-uagb-image alignleft uagb-block-a951c9f1 wp-block-uagb-image--layout-default wp-block-uagb-image--effect-static wp-block-uagb-image--align-left\"><figure class=\"wp-block-uagb-image__figure\"><img decoding=\"async\" srcset=\"https:\/\/science-es-ciencia.com\/wp-content\/uploads\/2024\/10\/Informes_de_lectura.webp ,https:\/\/science-es-ciencia.com\/wp-content\/uploads\/2024\/10\/Informes_de_lectura.webp 780w, https:\/\/science-es-ciencia.com\/wp-content\/uploads\/2024\/10\/Informes_de_lectura.webp 360w\" sizes=\"(max-width: 480px) 150px\" src=\"https:\/\/science-es-ciencia.com\/wp-content\/uploads\/2024\/10\/Informes_de_lectura.webp\" alt=\"Informes de lectura\" class=\"uag-image-752\" width=\"250\" height=\"250\" title=\"Informes_de_lectura\" loading=\"lazy\" role=\"img\"\/><\/figure><\/div>\n\n\n\n<div class=\"wp-block-uagb-advanced-heading uagb-block-cbccc160\"><h1 class=\"uagb-heading-text\">Informes de lectura<\/h1><\/div>\n<\/div><\/div>\n\n\n\n<div class=\"wp-block-uagb-container uagb-block-3bcd4aa8 alignfull uagb-is-root-container\"><div class=\"uagb-container-inner-blocks-wrap\">\n<div class=\"wp-block-uagb-container uagb-block-8838c2c7\">\n<div class=\"wp-block-uagb-advanced-heading uagb-block-86fd9d66\"><p class=\"uagb-heading-text\">Gracias a mi formaci\u00f3n cient\u00edfica y a mi labor docente, los informes de lectura de libros de <strong>divulgaci\u00f3n cient\u00edfica<\/strong> contienen, adem\u00e1s de los apartados literarios y comerciales, un estudio del enfoque pedag\u00f3gico de la ciencia que se quiere transmitir.<\/p><\/div>\n\n\n\n<div class=\"wp-block-uagb-advanced-heading uagb-block-69758545\"><p class=\"uagb-heading-text\">El<strong> libro acad\u00e9mico<\/strong> merece un cuidado especial. En este caso, me centro sobre todo en el contenido cient\u00edfico. <\/p><\/div>\n\n\n\n<div class=\"wp-block-uagb-advanced-heading uagb-block-808377bf\"><p class=\"uagb-heading-text\">Si te interesa conocer m\u00e1s sobre alg\u00fan <strong>libro de divulgaci\u00f3n cient\u00edfica<\/strong> o <strong>acad\u00e9mico<\/strong> publicado en franc\u00e9s o en ingl\u00e9s, y quieres un informe de lectura, no dudes en solicitarlo a trav\u00e9s del <a href=\"https:\/\/science-es-ciencia.com\/fr\/contactopresupuesto\/\" data-type=\"page\" data-id=\"122\">formulario de contacto<\/a>. <\/p><\/div>\n<\/div>\n\n\n\n<div class=\"wp-block-uagb-container uagb-block-2827a08e\">\n<div class=\"wp-block-uagb-advanced-heading uagb-block-2dcee09d\"><p class=\"uagb-heading-text\">Idiomas: <\/p><\/div>\n\n\n\n<div class=\"wp-block-uagb-advanced-heading uagb-block-97dffdf0\"><p class=\"uagb-heading-text\">          Lectura en franc\u00e9s, espa\u00f1ol e ingl\u00e9s<\/p><\/div>\n\n\n\n<div class=\"wp-block-uagb-advanced-heading uagb-block-879a1a2e\"><p class=\"uagb-heading-text\">          Redacci\u00f3n del informe en franc\u00e9s, espa\u00f1ol e ingl\u00e9s<\/p><\/div>\n\n\n\n<div class=\"wp-block-uagb-advanced-heading uagb-block-e15823aa\"><p class=\"uagb-heading-text\">Tarifas: <\/p><\/div>\n\n\n\n<div class=\"wp-block-uagb-advanced-heading uagb-block-4c831747\"><p class=\"uagb-heading-text\">          Libros de hasta 100 p\u00e1ginas: 100 \u20ac<\/p><\/div>\n\n\n\n<div class=\"wp-block-uagb-advanced-heading uagb-block-96a1e372\"><p class=\"uagb-heading-text\">          Libros de m\u00e1s de 100 p\u00e1ginas: 100 \u20ac + 30 \u20ac por cada grupo de 50 p\u00e1ginas<\/p><\/div>\n<\/div>\n<\/div><\/div>\n\n\n\n<div class=\"wp-block-uagb-container uagb-block-32cb8027 alignfull uagb-is-root-container\"><div class=\"uagb-container-inner-blocks-wrap\"><\/div><\/div>","protected":false},"excerpt":{"rendered":"<p>Informes de lectura Gracias a mi formaci\u00f3n cient\u00edfica y a mi labor docente, los informes de lectura de libros de [&hellip;]<\/p>","protected":false},"author":1,"featured_media":0,"parent":0,"menu_order":0,"comment_status":"closed","ping_status":"closed","template":"","meta":{"om_disable_all_campaigns":false,"_uag_custom_page_level_css":"","site-sidebar-layout":"default","site-content-layout":"","ast-site-content-layout":"default","site-content-style":"default","site-sidebar-style":"default","ast-global-header-display":"","ast-banner-title-visibility":"","ast-main-header-display":"","ast-hfb-above-header-display":"","ast-hfb-below-header-display":"","ast-hfb-mobile-header-display":"","site-post-title":"disabled","ast-breadcrumbs-content":"","ast-featured-img":"","footer-sml-layout":"","ast-disable-related-posts":"","theme-transparent-header-meta":"","adv-header-id-meta":"","stick-header-meta":"","header-above-stick-meta":"","header-main-stick-meta":"","header-below-stick-meta":"","astra-migrate-meta-layouts":"default","ast-page-background-enabled":"default","ast-page-background-meta":{"desktop":{"background-color":"var(--ast-global-color-4)","background-image":"","background-repeat":"repeat","background-position":"center center","background-size":"auto","background-attachment":"scroll","background-type":"","background-media":"","overlay-type":"","overlay-color":"","overlay-opacity":"","overlay-gradient":""},"tablet":{"background-color":"","background-image":"","background-repeat":"repeat","background-position":"center center","background-size":"auto","background-attachment":"scroll","background-type":"","background-media":"","overlay-type":"","overlay-color":"","overlay-opacity":"","overlay-gradient":""},"mobile":{"background-color":"","background-image":"","background-repeat":"repeat","background-position":"center center","background-size":"auto","background-attachment":"scroll","background-type":"","background-media":"","overlay-type":"","overlay-color":"","overlay-opacity":"","overlay-gradient":""}},"ast-content-background-meta":{"desktop":{"background-color":"var(--ast-global-color-5)","background-image":"","background-repeat":"repeat","background-position":"center center","background-size":"auto","background-attachment":"scroll","background-type":"","background-media":"","overlay-type":"","overlay-color":"","overlay-opacity":"","overlay-gradient":""},"tablet":{"background-color":"var(--ast-global-color-5)","background-image":"","background-repeat":"repeat","background-position":"center center","background-size":"auto","background-attachment":"scroll","background-type":"","background-media":"","overlay-type":"","overlay-color":"","overlay-opacity":"","overlay-gradient":""},"mobile":{"background-color":"var(--ast-global-color-5)","background-image":"","background-repeat":"repeat","background-position":"center center","background-size":"auto","background-attachment":"scroll","background-type":"","background-media":"","overlay-type":"","overlay-color":"","overlay-opacity":"","overlay-gradient":""}},"footnotes":""},"uagb_featured_image_src":{"full":false,"thumbnail":false,"medium":false,"medium_large":false,"large":false,"1536x1536":false,"2048x2048":false,"trp-custom-language-flag":false},"uagb_author_info":{"display_name":"Lidia Torres","author_link":"https:\/\/science-es-ciencia.com\/fr\/author\/science-es-ciencia-com\/"},"uagb_comment_info":0,"uagb_excerpt":"Informes de lectura Gracias a mi formaci\u00f3n cient\u00edfica y a mi labor docente, los informes de lectura de libros de [&hellip;]","_links":{"self":[{"href":"https:\/\/science-es-ciencia.com\/fr\/wp-json\/wp\/v2\/pages\/801"}],"collection":[{"href":"https:\/\/science-es-ciencia.com\/fr\/wp-json\/wp\/v2\/pages"}],"about":[{"href":"https:\/\/science-es-ciencia.com\/fr\/wp-json\/wp\/v2\/types\/page"}],"author":[{"embeddable":true,"href":"https:\/\/science-es-ciencia.com\/fr\/wp-json\/wp\/v2\/users\/1"}],"replies":[{"embeddable":true,"href":"https:\/\/science-es-ciencia.com\/fr\/wp-json\/wp\/v2\/comments?post=801"}],"version-history":[{"count":7,"href":"https:\/\/science-es-ciencia.com\/fr\/wp-json\/wp\/v2\/pages\/801\/revisions"}],"predecessor-version":[{"id":934,"href":"https:\/\/science-es-ciencia.com\/fr\/wp-json\/wp\/v2\/pages\/801\/revisions\/934"}],"wp:attachment":[{"href":"https:\/\/science-es-ciencia.com\/fr\/wp-json\/wp\/v2\/media?parent=801"}],"curies":[{"name":"wp","href":"https:\/\/api.w.org\/{rel}","templated":true}]}}