{"id":834,"date":"2024-10-01T15:44:45","date_gmt":"2024-10-01T13:44:45","guid":{"rendered":"https:\/\/science-es-ciencia.com\/?page_id=834"},"modified":"2024-10-11T06:35:05","modified_gmt":"2024-10-11T04:35:05","slug":"actualidad","status":"publish","type":"page","link":"https:\/\/science-es-ciencia.com\/fr\/actualidad\/","title":{"rendered":"Actualidad"},"content":{"rendered":"<div class=\"wp-block-uagb-container uagb-block-7833b5a2 alignfull uagb-is-root-container\"><div class=\"uagb-container-inner-blocks-wrap\">\n<div class=\"wp-block-uagb-advanced-heading uagb-block-ae0e65c5\"><h1 class=\"uagb-heading-text\">Actualidad<\/h1><\/div>\n\n\n\n<div class=\"wp-block-uagb-advanced-heading uagb-block-b7198045\"><p class=\"uagb-heading-text\">Esta p\u00e1gina quiere ser un puente entre la divulgaci\u00f3n cient\u00edfica francesa y la comunidad hispanohablante. Aqu\u00ed puedes consultar el cat\u00e1logo completo y, si quieres m\u00e1s informaci\u00f3n sobre un libro, pedirme un  <a href=\"https:\/\/science-es-ciencia.com\/fr\/informesdelectura\/\" data-type=\"page\" data-id=\"801\">informe de lectura<\/a>. Tambi\u00e9n te invito a que consultes mis recomendaciones en libros de divulgaci\u00f3n cient\u00edfica.<\/p><\/div>\n<\/div><\/div>\n\n\n\n<div class=\"wp-block-uagb-container uagb-block-b8e389f0 alignfull uagb-is-root-container\"><div class=\"uagb-container-inner-blocks-wrap\">\n<div class=\"wp-block-uagb-container uagb-block-992d29c3 alignfull uagb-is-root-container\"><div class=\"uagb-container-inner-blocks-wrap\">\n<div class=\"wp-block-uagb-image uagb-block-06f2a249 wp-block-uagb-image--layout-default wp-block-uagb-image--effect-static wp-block-uagb-image--align-none\"><figure class=\"wp-block-uagb-image__figure\"><img decoding=\"async\" srcset=\"https:\/\/science-es-ciencia.com\/wp-content\/uploads\/2024\/10\/Catalogo_arbol.webp ,https:\/\/science-es-ciencia.com\/wp-content\/uploads\/2024\/10\/Catalogo_arbol.webp 780w, https:\/\/science-es-ciencia.com\/wp-content\/uploads\/2024\/10\/Catalogo_arbol.webp 360w\" sizes=\"(max-width: 480px) 150px\" src=\"https:\/\/science-es-ciencia.com\/wp-content\/uploads\/2024\/10\/Catalogo_arbol.webp\" alt=\"\" class=\"uag-image-883\" width=\"400\" height=\"400\" title=\"Catalogo_arbol\" loading=\"lazy\" role=\"img\"\/><\/figure><\/div>\n\n\n\n<div class=\"wp-block-uagb-advanced-heading uagb-block-d0c5b132\"><h3 class=\"uagb-heading-text\"><a href=\"https:\/\/science-es-ciencia.com\/fr\/catalogo-completo\/\" data-type=\"page\" data-id=\"836\">Cat\u00e1logo completo<\/a><\/h3><\/div>\n<\/div><\/div>\n\n\n\n<div class=\"wp-block-uagb-container uagb-block-c846d074 alignfull uagb-is-root-container\"><div class=\"uagb-container-inner-blocks-wrap\">\n<div class=\"wp-block-uagb-image uagb-block-e0fcc876 wp-block-uagb-image--layout-default wp-block-uagb-image--effect-static wp-block-uagb-image--align-none\"><figure class=\"wp-block-uagb-image__figure\"><img decoding=\"async\" srcset=\"https:\/\/science-es-ciencia.com\/wp-content\/uploads\/2024\/10\/libros_sugeridos.webp ,https:\/\/science-es-ciencia.com\/wp-content\/uploads\/2024\/10\/libros_sugeridos.webp 780w, https:\/\/science-es-ciencia.com\/wp-content\/uploads\/2024\/10\/libros_sugeridos.webp 360w\" sizes=\"(max-width: 480px) 150px\" src=\"https:\/\/science-es-ciencia.com\/wp-content\/uploads\/2024\/10\/libros_sugeridos.webp\" alt=\"\" class=\"uag-image-875\" width=\"500\" height=\"400\" title=\"libros_sugeridos\" loading=\"lazy\" role=\"img\"\/><\/figure><\/div>\n\n\n\n<div class=\"wp-block-uagb-advanced-heading uagb-block-a743bde7\"><h3 class=\"uagb-heading-text\"><a href=\"https:\/\/science-es-ciencia.com\/fr\/sugerencias\/\" data-type=\"page\" data-id=\"15\">Mis sugerencias<\/a><\/h3><\/div>\n<\/div><\/div>\n<\/div><\/div>\n\n\n\n<div class=\"wp-block-uagb-container uagb-block-cfa77907 alignfull uagb-is-root-container\"><div class=\"uagb-container-inner-blocks-wrap\"><\/div><\/div>","protected":false},"excerpt":{"rendered":"<p>Actualidad Esta p\u00e1gina quiere ser un puente entre la divulgaci\u00f3n cient\u00edfica francesa y la comunidad hispanohablante. Aqu\u00ed puedes consultar el [&hellip;]<\/p>","protected":false},"author":1,"featured_media":0,"parent":0,"menu_order":0,"comment_status":"closed","ping_status":"closed","template":"","meta":{"om_disable_all_campaigns":false,"_uag_custom_page_level_css":"","site-sidebar-layout":"default","site-content-layout":"","ast-site-content-layout":"default","site-content-style":"default","site-sidebar-style":"default","ast-global-header-display":"","ast-banner-title-visibility":"","ast-main-header-display":"","ast-hfb-above-header-display":"","ast-hfb-below-header-display":"","ast-hfb-mobile-header-display":"","site-post-title":"disabled","ast-breadcrumbs-content":"","ast-featured-img":"","footer-sml-layout":"","ast-disable-related-posts":"","theme-transparent-header-meta":"","adv-header-id-meta":"","stick-header-meta":"","header-above-stick-meta":"","header-main-stick-meta":"","header-below-stick-meta":"","astra-migrate-meta-layouts":"default","ast-page-background-enabled":"default","ast-page-background-meta":{"desktop":{"background-color":"var(--ast-global-color-4)","background-image":"","background-repeat":"repeat","background-position":"center center","background-size":"auto","background-attachment":"scroll","background-type":"","background-media":"","overlay-type":"","overlay-color":"","overlay-opacity":"","overlay-gradient":""},"tablet":{"background-color":"","background-image":"","background-repeat":"repeat","background-position":"center center","background-size":"auto","background-attachment":"scroll","background-type":"","background-media":"","overlay-type":"","overlay-color":"","overlay-opacity":"","overlay-gradient":""},"mobile":{"background-color":"","background-image":"","background-repeat":"repeat","background-position":"center center","background-size":"auto","background-attachment":"scroll","background-type":"","background-media":"","overlay-type":"","overlay-color":"","overlay-opacity":"","overlay-gradient":""}},"ast-content-background-meta":{"desktop":{"background-color":"var(--ast-global-color-5)","background-image":"","background-repeat":"repeat","background-position":"center center","background-size":"auto","background-attachment":"scroll","background-type":"","background-media":"","overlay-type":"","overlay-color":"","overlay-opacity":"","overlay-gradient":""},"tablet":{"background-color":"var(--ast-global-color-5)","background-image":"","background-repeat":"repeat","background-position":"center center","background-size":"auto","background-attachment":"scroll","background-type":"","background-media":"","overlay-type":"","overlay-color":"","overlay-opacity":"","overlay-gradient":""},"mobile":{"background-color":"var(--ast-global-color-5)","background-image":"","background-repeat":"repeat","background-position":"center center","background-size":"auto","background-attachment":"scroll","background-type":"","background-media":"","overlay-type":"","overlay-color":"","overlay-opacity":"","overlay-gradient":""}},"footnotes":""},"uagb_featured_image_src":{"full":false,"thumbnail":false,"medium":false,"medium_large":false,"large":false,"1536x1536":false,"2048x2048":false,"trp-custom-language-flag":false},"uagb_author_info":{"display_name":"Lidia Torres","author_link":"https:\/\/science-es-ciencia.com\/fr\/author\/science-es-ciencia-com\/"},"uagb_comment_info":0,"uagb_excerpt":"Actualidad Esta p\u00e1gina quiere ser un puente entre la divulgaci\u00f3n cient\u00edfica francesa y la comunidad hispanohablante. Aqu\u00ed puedes consultar el [&hellip;]","_links":{"self":[{"href":"https:\/\/science-es-ciencia.com\/fr\/wp-json\/wp\/v2\/pages\/834"}],"collection":[{"href":"https:\/\/science-es-ciencia.com\/fr\/wp-json\/wp\/v2\/pages"}],"about":[{"href":"https:\/\/science-es-ciencia.com\/fr\/wp-json\/wp\/v2\/types\/page"}],"author":[{"embeddable":true,"href":"https:\/\/science-es-ciencia.com\/fr\/wp-json\/wp\/v2\/users\/1"}],"replies":[{"embeddable":true,"href":"https:\/\/science-es-ciencia.com\/fr\/wp-json\/wp\/v2\/comments?post=834"}],"version-history":[{"count":17,"href":"https:\/\/science-es-ciencia.com\/fr\/wp-json\/wp\/v2\/pages\/834\/revisions"}],"predecessor-version":[{"id":936,"href":"https:\/\/science-es-ciencia.com\/fr\/wp-json\/wp\/v2\/pages\/834\/revisions\/936"}],"wp:attachment":[{"href":"https:\/\/science-es-ciencia.com\/fr\/wp-json\/wp\/v2\/media?parent=834"}],"curies":[{"name":"wp","href":"https:\/\/api.w.org\/{rel}","templated":true}]}}